{"id":2249,"date":"2025-10-14T11:57:12","date_gmt":"2025-10-14T09:57:12","guid":{"rendered":"https:\/\/www.camping-bretagne-delapiscine.com\/camping-proche-benodet-fouesnant\/"},"modified":"2026-02-06T12:30:43","modified_gmt":"2026-02-06T11:30:43","slug":"campsite-near-benodet-fouesnant","status":"publish","type":"page","link":"https:\/\/www.camping-bretagne-delapiscine.com\/en\/campsite-near-benodet-fouesnant\/","title":{"rendered":"B\u00e9nodet"},"content":{"rendered":"\n<div class=\"wp-block-group section-1 has-global-padding is-layout-constrained wp-container-core-group-is-layout-c5903013 wp-block-group-is-layout-constrained\" style=\"padding-right:0px;padding-left:0px\">\n<div class=\"wp-block-columns content is-layout-flex wp-container-core-columns-is-layout-28f84493 wp-block-columns-is-layout-flex\">\n<div class=\"wp-block-column left is-layout-flow wp-block-column-is-layout-flow\" style=\"padding-top:6rem;padding-left:6rem\">\n<figure class=\"wp-block-image size-full is-resized\"><img decoding=\"async\" width=\"77\" height=\"90\" src=\"https:\/\/www.camping-bretagne-delapiscine.com\/wp-content\/uploads\/2025\/10\/forme-logo-jaune.svg\" alt=\"yellow logo shape\" class=\"wp-image-164\" style=\"width:200px\"\/><\/figure>\n\n\n\n<h1 class=\"wp-block-heading has-custom-color-1-color has-text-color has-link-color has-melbourne-thin-font-family wp-elements-5b188035b80d501ea8225339d4555aa0\" style=\"margin-bottom:3rem;font-size:clamp(2.835rem, 2.835rem + ((1vw - 0.2rem) * 4.442), 5.5rem);letter-spacing:-3px;line-height:0.9\">Campsite<br\/>near <strong>B\u00e9nodet<\/strong><\/h1>\n\n\n\n<h2 class=\"wp-block-heading has-custom-color-2-color has-text-color has-link-color wp-elements-58ab6fd9f48d1e1382e1480538d5cb23\" style=\"font-size:clamp(1.378rem, 1.378rem + ((1vw - 0.2rem) * 1.453), 2.25rem);font-style:normal;font-weight:700\">Discover B\u00e9nodet on foot or by bike from the campsite<\/h2>\n\n\n\n<p>B\u00e9nodet has a <strong>chic, relaxed atmosphere<\/strong>. Just 8 km away, our <a href=\"https:\/\/www.camping-bretagne-delapiscine.com\/en\/\" data-type=\"page\" data-id=\"9\">campsite in Fouesnant<\/a> is ideally situated to combine relaxation, <a href=\"https:\/\/www.camping-bretagne-delapiscine.com\/en\/activities-to-do-fouesnant\/\" data-type=\"page\" data-id=\"30\">activities and leisure in South Finist\u00e8re<\/a> with the discovery of a charming seaside resort. B\u00e9nodet, a <a href=\"https:\/\/www.benodet.fr\/\" target=\"_blank\" rel=\"noreferrer noopener nofollow\">5-star resort<\/a>, invites you to enjoy its <strong>elegant coastline<\/strong> at the mouth of the Odet river, reputed to be &#8220;the prettiest river in France&#8221;. Discover also its <strong>thalassotherapy<\/strong> center, <strong>casino<\/strong>, <strong>cinema<\/strong>&#8230;   <\/p>\n\n\n\n<p>Get on your bike or put on your walking shoes to reach B\u00e9nodet from our campsite. The route between Fouesnant and B\u00e9nodet, via the quays or coastal path, is a <strong>pleasant<\/strong> one. Once there, you can explore the <strong>new promenade<\/strong>, the <strong>marina<\/strong> or cross the Odet to reach Sainte-Marine on the &#8220;<strong> PICOT<\/strong>&#8221; pedestrian ferry. And don&#8217;t miss the charming village of <a href=\"https:\/\/www.camping-bretagne-delapiscine.com\/en\/campsite-near-beg-meil-fouesnant\/\" data-type=\"page\" data-id=\"24\">Beg-Meil<\/a>, just a few kilometers away!   <\/p>\n<\/div>\n\n\n\n<div class=\"wp-block-column right has-base-2-background-color has-background is-layout-flow wp-block-column-is-layout-flow\" style=\"border-top-left-radius:25px;border-top-right-radius:0px;border-bottom-left-radius:0px;border-bottom-right-radius:0px;padding-top:2rem;padding-right:2rem;padding-bottom:2rem;padding-left:2rem\">\n<figure class=\"wp-block-image size-full has-custom-border\"><img decoding=\"async\" width=\"2000\" height=\"1500\" src=\"https:\/\/www.camping-bretagne-delapiscine.com\/wp-content\/uploads\/2025\/12\/Camping-proche-de-Benodet-2.webp\" alt=\"Campsite near B&#xE9;nodet\" class=\"wp-image-2722\" style=\"border-radius:25px\"\/><\/figure>\n<\/div>\n<\/div>\n<\/div>\n\n<div class=\"wp-block-group section-2 has-custom-color-1-background-color has-background has-global-padding is-layout-constrained wp-container-core-group-is-layout-f1c8c357 wp-block-group-is-layout-constrained\" style=\"margin-top:10rem;padding-right:20rem;padding-bottom:8rem;padding-left:20rem\">\n<div class=\"wp-block-group content has-global-padding is-layout-constrained wp-container-core-group-is-layout-12243e0f wp-block-group-is-layout-constrained\">\n<div class=\"wp-block-group images has-global-padding is-layout-constrained wp-container-core-group-is-layout-12243e0f wp-block-group-is-layout-constrained\">\n<p class=\"slogan has-base-2-color has-text-color has-link-color has-square-peg-font-family wp-elements-353ebcda8ae8f37ee2b5d0f02231fec5\" style=\"font-size:clamp(2.366rem, 2.366rem + ((1vw - 0.2rem) * 3.357), 4.38rem);letter-spacing:-1px;line-height:0.9\">Vacation<br\/>by the sea<\/p>\n\n\n\n<figure class=\"wp-block-image size-full has-custom-border image-1\"><img decoding=\"async\" width=\"1256\" height=\"1174\" src=\"https:\/\/www.camping-bretagne-delapiscine.com\/wp-content\/uploads\/2025\/12\/archipel-des-glenan.jpg\" alt=\"glenan archipelago\" class=\"wp-image-1211\" style=\"border-radius:25px\"\/><\/figure>\n\n\n\n<div class=\"wp-block-group image-2 has-custom-color-1-background-color has-background has-global-padding is-layout-constrained wp-container-core-group-is-layout-e602302d wp-block-group-is-layout-constrained\" style=\"border-radius:25px;padding-top:2rem;padding-right:2rem;padding-bottom:2rem;padding-left:2rem\">\n<figure class=\"wp-block-image size-full has-custom-border\"><img decoding=\"async\" width=\"450\" height=\"466\" src=\"https:\/\/www.camping-bretagne-delapiscine.com\/wp-content\/uploads\/2025\/12\/plage-archipel-des-glenan.jpg\" alt=\"glenan archipelago beach\" class=\"wp-image-1214\" style=\"border-radius:25px\"\/><\/figure>\n<\/div>\n\n\n\n<figure class=\"wp-block-image size-full has-custom-border image-3\"><img decoding=\"async\" width=\"398\" height=\"100\" src=\"https:\/\/www.camping-bretagne-delapiscine.com\/wp-content\/uploads\/2025\/10\/double-vague-blanc.svg\" alt=\"double wave white\" class=\"wp-image-257\" style=\"border-radius:25px\"\/><\/figure>\n\n\n\n<figure class=\"wp-block-image size-full has-custom-border image-4\"><img decoding=\"async\" width=\"381\" height=\"206\" src=\"https:\/\/www.camping-bretagne-delapiscine.com\/wp-content\/uploads\/2025\/10\/tampon-lettre-blanc.svg\" alt=\"white letter stamp\" class=\"wp-image-261\" style=\"border-radius:25px\"\/><\/figure>\n<\/div>\n\n\n\n<h2 class=\"wp-block-heading has-base-2-color has-text-color has-link-color has-melbourne-thin-font-family wp-elements-f13fec6868603997fa5e9a72eb67468d\" style=\"margin-top:3rem;margin-right:0;margin-bottom:3rem;font-size:clamp(2.418rem, 2.418rem + ((1vw - 0.2rem) * 3.47), 4.5rem);line-height:0.9\"><strong>5-star seaside resort<\/strong><\/h2>\n\n\n\n<p class=\"text has-base-2-color has-text-color has-link-color wp-elements-9e99a472a7b0afce13f43ce79e809d1a\">During your stay, you&#8217;ll have the opportunity to <a href=\"https:\/\/www.camping-bretagne-delapiscine.com\/en\/tourism-finistere-sud\/\" data-type=\"page\" data-id=\"28\">discover the wonders of South Finist\u00e8re<\/a>. Our campsite is close to B\u00e9nodet, which boasts a wide range of facilities, including the <strong>Barri\u00e8re casino<\/strong>, the<strong>Cin\u00e9marine<\/strong>cinema and, above all, the <a href=\"https:\/\/benodet.relaisthalasso.com\/fr\/\" target=\"_blank\" rel=\"noreferrer noopener nofollow\">Relais Thalasso<\/a> <strong>thalassotherapy center<\/strong>, perfect for a wellness break. You can also explore the charming <strong>Mus\u00e9e du Bord de Mer<\/strong>, the Monday morning market or enjoy the local summer entertainment. Stroll along the corniche, facing the ocean and enjoying the view of the Gl\u00e9nan archipelago.<\/p>\n<\/div>\n\n\n\n<figure class=\"wp-block-image size-large leaf\"><img decoding=\"async\" width=\"548\" height=\"564\" src=\"https:\/\/www.camping-bretagne-delapiscine.com\/wp-content\/uploads\/2025\/10\/grande-feuille-blanc.svg\" alt=\"large white sheet\" class=\"wp-image-244\"\/><\/figure>\n<\/div>\n\n<div class=\"wp-block-group section-3 has-global-padding is-layout-constrained wp-container-core-group-is-layout-8fefdfe2 wp-block-group-is-layout-constrained\" style=\"margin-top:0px;margin-bottom:0px;padding-top:0px;padding-right:0px;padding-bottom:0px;padding-left:0px\">\n<div class=\"wp-block-cover gt-multiple-images-cover has-slider\" style=\"padding-top:0;padding-right:0rem;padding-bottom:0;padding-left:0rem;min-height:100vh;aspect-ratio:unset;\" data-image-ids=\"[1696,1693,1690]\"><div class=\"gt-is-slider swiper-container\" data-swiper=\"{&quot;spaceBetween&quot;:0,&quot;slidesPerView&quot;:1,&quot;pagination&quot;:{&quot;el&quot;:&quot;.swiper-pagination&quot;,&quot;dynamicBullets&quot;:true,&quot;clickable&quot;:true,&quot;type&quot;:&quot;bullets&quot;},&quot;navigation&quot;:{&quot;nextEl&quot;:&quot;.swiper-button-next&quot;,&quot;prevEl&quot;:&quot;.swiper-button-prev&quot;},&quot;breakpoints&quot;:[{&quot;slidesPerView&quot;:1}],&quot;effect&quot;:&quot;fade&quot;}\"><div class=\"swiper-wrapper\"><div class=\"swiper-slide\"><img decoding=\"async\" src=\"https:\/\/www.camping-bretagne-delapiscine.com\/wp-content\/uploads\/2025\/12\/benodet.jpg\" alt=\"benodet\" class=\"gt-cover-image\" \/><\/div><div class=\"swiper-slide\"><img decoding=\"async\" src=\"https:\/\/www.camping-bretagne-delapiscine.com\/wp-content\/uploads\/2025\/12\/benodet-famille.jpg\" alt=\"benodet famille\" class=\"gt-cover-image\" \/><\/div><div class=\"swiper-slide\"><img decoding=\"async\" src=\"https:\/\/www.camping-bretagne-delapiscine.com\/wp-content\/uploads\/2025\/12\/benodet-activites.jpg\" alt=\"benodet activites\" class=\"gt-cover-image\" \/><\/div><\/div><\/div><span aria-hidden=\"true\" class=\"wp-block-cover__background has-background-dim-70 has-background-dim has-background-gradient\" style=\"background:linear-gradient(90deg,rgba(255,255,255,0) 0%,rgb(0,0,0) 100%)\"><\/span><div class=\"wp-block-cover__inner-container has-global-padding is-layout-constrained wp-container-core-cover-is-layout-332d036f wp-block-cover-is-layout-constrained\">\n<div class=\"wp-block-columns is-layout-flex wp-container-core-columns-is-layout-65a7aca3 wp-block-columns-is-layout-flex\">\n<div class=\"wp-block-column is-vertically-aligned-bottom left is-layout-flow wp-block-column-is-layout-flow\" style=\"flex-basis:50%\">\n<div class=\"wp-block-group group-bullets is-nowrap is-layout-flex wp-container-core-group-is-layout-1d42571d wp-block-group-is-layout-flex\">\n<div class=\"wp-block-group bullet active has-base-2-background-color has-background has-global-padding is-layout-constrained wp-container-core-group-is-layout-7bca0983 wp-block-group-is-layout-constrained\" style=\"border-radius:25px;padding-top:1rem;padding-right:var(--wp--preset--spacing--10);padding-bottom:1rem;padding-left:var(--wp--preset--spacing--10)\">\n<figure class=\"wp-block-image size-full has-custom-border\"><img decoding=\"async\" width=\"1920\" height=\"700\" src=\"https:\/\/www.camping-bretagne-delapiscine.com\/wp-content\/uploads\/2025\/12\/benodet.jpg\" alt=\"benodet\" class=\"wp-image-1696\" style=\"border-radius:25px\"\/><\/figure>\n<\/div>\n\n\n\n<div class=\"wp-block-group bullet has-base-2-background-color has-background has-global-padding is-layout-constrained wp-container-core-group-is-layout-7bca0983 wp-block-group-is-layout-constrained\" style=\"border-radius:25px;padding-top:1rem;padding-right:var(--wp--preset--spacing--10);padding-bottom:1rem;padding-left:var(--wp--preset--spacing--10)\">\n<figure class=\"wp-block-image size-full has-custom-border\"><img decoding=\"async\" width=\"461\" height=\"420\" src=\"https:\/\/www.camping-bretagne-delapiscine.com\/wp-content\/uploads\/2025\/12\/activites-familiale-bretagne.jpg\" alt=\"family activities in brittany\" class=\"wp-image-1220\" style=\"border-radius:25px\"\/><\/figure>\n<\/div>\n\n\n\n<div class=\"wp-block-group bullet has-base-2-background-color has-background has-global-padding is-layout-constrained wp-container-core-group-is-layout-e242f2a7 wp-block-group-is-layout-constrained\" style=\"border-radius:25px;padding-top:var(--wp--preset--spacing--10);padding-right:1rem;padding-bottom:var(--wp--preset--spacing--10);padding-left:1rem\">\n<figure class=\"wp-block-image size-full has-custom-border\"><img decoding=\"async\" width=\"461\" height=\"420\" src=\"https:\/\/www.camping-bretagne-delapiscine.com\/wp-content\/uploads\/2025\/12\/activites-nautiques-bretagne.jpg\" alt=\"nautical activities in brittany\" class=\"wp-image-1223\" style=\"border-radius:25px\"\/><\/figure>\n<\/div>\n<\/div>\n<\/div>\n\n\n\n<div class=\"wp-block-column right is-layout-flow wp-block-column-is-layout-flow\" style=\"padding-top:6rem;padding-right:12rem;padding-bottom:6rem;flex-basis:50%\">\n<h2 class=\"wp-block-heading has-text-align-left has-base-2-color has-text-color has-link-color has-melbourne-thin-font-family wp-elements-dd2d5669851ca712fd3eac6ceab2311b\" style=\"margin-top:3rem;margin-right:0;margin-bottom:3rem;font-size:clamp(2.418rem, 2.418rem + ((1vw - 0.2rem) * 3.47), 4.5rem);line-height:0.9\"><strong>Family visits in B\u00e9nodet<\/strong><\/h2>\n\n\n\n<p class=\"has-base-2-color has-text-color has-link-color wp-elements-c61539145151ec8f9edcd2cc422caccc\">There are plenty of family <a href=\"https:\/\/www.tripadvisor.fr\/Attractions-g196525-Activities-Benodet_Finistere_Brittany.html\" target=\"_blank\" rel=\"noreferrer noopener nofollow\">activities to discover in B\u00e9nodet<\/a>: don&#8217;t miss the <strong>Mus\u00e9e du Bord de Mer<\/strong>, the <strong>little tourist train<\/strong> or the <strong>playgrounds<\/strong>. Younger visitors will love the <strong>Trez beach<\/strong>, a large sandy beach ideal for swimming or playing. For history buffs, the listed<strong>St Thomas Becket church<\/strong> is well worth a visit, while walkers will appreciate the <strong>coastal paths<\/strong> and the many <strong>water sports <\/strong>on offer.<\/p>\n<\/div>\n<\/div>\n<\/div><\/div>\n<\/div>\n\n<div class=\"wp-block-group section-maillage has-global-padding is-layout-constrained wp-container-core-group-is-layout-53e62878 wp-block-group-is-layout-constrained\" style=\"margin-top:0px;margin-bottom:8rem;padding-top:0px;padding-bottom:0px\">\n<p class=\"has-text-align-center has-custom-color-1-color has-text-color has-link-color has-melbourne-thin-font-family gt-no-padding-mobile wp-elements-0b3167d2b41c6aba14e2b55495de40fc\" style=\"margin-top:4rem;margin-bottom:4rem;padding-top:6rem;padding-right:4rem;padding-bottom:4rem;padding-left:4rem;font-size:clamp(2.418rem, 2.418rem + ((1vw - 0.2rem) * 3.47), 4.5rem);line-height:1;text-transform:none\"><strong><strong>Discover the surroundings, the activities and our aquatic area<\/strong><\/strong><\/p>\n\n\n\n<div data-wp-context=\"{}\" data-wp-interactive=\"core\/query\" data-wp-key=\"0\" data-wp-router-region=\"query-0\" class=\"wp-block-query alignwide gt-fse-maillage-query is-layout-flow wp-block-query-is-layout-flow\"><ul class=\"columns-3 wp-block-post-template is-layout-grid wp-container-core-post-template-is-layout-42cbe8f0 wp-block-post-template-is-layout-grid\"><li data-wp-key=\"post-template-item-2298\" class=\"wp-block-post post-2298 page type-page status-publish has-post-thumbnail hentry\">\n<a href=\"https:\/\/www.camping-bretagne-delapiscine.com\/en\/tourism-finistere-sud\/\"    class=\"wp-block-tiptip-hyperlink-group-block\" >\n<div class=\"wp-block-cover\" style=\"border-radius:25px;padding-top:4rem;padding-right:4rem;padding-bottom:4rem;padding-left:4rem\"><span aria-hidden=\"true\" class=\"wp-block-cover__background has-background-dim has-background-gradient\" style=\"background:linear-gradient(180deg,rgba(255,255,255,0) 0%,rgb(0,0,0) 100%)\"><\/span><img decoding=\"async\" width=\"1920\" height=\"800\" src=\"https:\/\/www.camping-bretagne-delapiscine.com\/wp-content\/uploads\/2025\/12\/visiter-la-bretagne-camping-la-piscine.jpg\" class=\"wp-block-cover__image-background wp-post-image\" alt=\"visit bretagne camping la piscine\" data-object-fit=\"cover\" \/><div class=\"wp-block-cover__inner-container has-global-padding is-layout-constrained wp-container-core-cover-is-layout-3968af2f wp-block-cover-is-layout-constrained\">\n<p style=\"font-size:clamp(1.624rem, 1.624rem + ((1vw - 0.2rem) * 1.877), 2.75rem);font-style:normal;font-weight:900;line-height:1.3;text-transform:uppercase\">Places to visit<\/p>\n<\/div><\/div>\n<\/a>\n\n<a class=\"is-style-lien-cover wp-block-read-more\" href=\"https:\/\/www.camping-bretagne-delapiscine.com\/en\/tourism-finistere-sud\/\" target=\"_self\">Read more<span class=\"screen-reader-text\">: To visit<\/span><\/a>\n<\/li><li data-wp-key=\"post-template-item-2146\" class=\"wp-block-post post-2146 page type-page status-publish has-post-thumbnail hentry\">\n<a href=\"https:\/\/www.camping-bretagne-delapiscine.com\/en\/activities-to-do-fouesnant\/\"    class=\"wp-block-tiptip-hyperlink-group-block\" >\n<div class=\"wp-block-cover\" style=\"border-radius:25px;padding-top:4rem;padding-right:4rem;padding-bottom:4rem;padding-left:4rem\"><span aria-hidden=\"true\" class=\"wp-block-cover__background has-background-dim has-background-gradient\" style=\"background:linear-gradient(180deg,rgba(255,255,255,0) 0%,rgb(0,0,0) 100%)\"><\/span><img decoding=\"async\" width=\"1920\" height=\"800\" src=\"https:\/\/www.camping-bretagne-delapiscine.com\/wp-content\/uploads\/2025\/12\/activite-a-fouesnant-bretagne.jpg\" class=\"wp-block-cover__image-background wp-post-image\" alt=\"activity in fouesnant bretagne\" data-object-fit=\"cover\" \/><div class=\"wp-block-cover__inner-container has-global-padding is-layout-constrained wp-container-core-cover-is-layout-3968af2f wp-block-cover-is-layout-constrained\">\n<p style=\"font-size:clamp(1.624rem, 1.624rem + ((1vw - 0.2rem) * 1.877), 2.75rem);font-style:normal;font-weight:900;line-height:1.3;text-transform:uppercase\">Leisure activities<\/p>\n<\/div><\/div>\n<\/a>\n\n<a class=\"is-style-lien-cover wp-block-read-more\" href=\"https:\/\/www.camping-bretagne-delapiscine.com\/en\/activities-to-do-fouesnant\/\" target=\"_self\">Read more<span class=\"screen-reader-text\">: Leisure activities<\/span><\/a>\n<\/li><li data-wp-key=\"post-template-item-2286\" class=\"wp-block-post post-2286 page type-page status-publish has-post-thumbnail hentry\">\n<a href=\"https:\/\/www.camping-bretagne-delapiscine.com\/en\/campsite-water-park-fouesnant\/\"    class=\"wp-block-tiptip-hyperlink-group-block\" >\n<div class=\"wp-block-cover\" style=\"border-radius:25px;padding-top:4rem;padding-right:4rem;padding-bottom:4rem;padding-left:4rem\"><span aria-hidden=\"true\" class=\"wp-block-cover__background has-background-dim has-background-gradient\" style=\"background:linear-gradient(180deg,rgba(255,255,255,0) 0%,rgb(0,0,0) 100%)\"><\/span><img decoding=\"async\" width=\"1920\" height=\"800\" src=\"https:\/\/www.camping-bretagne-delapiscine.com\/wp-content\/uploads\/2025\/12\/camping-avec-espace-aquatique-bretagne.jpg\" class=\"wp-block-cover__image-background wp-post-image\" alt=\"campsite with water park bretagne\" data-object-fit=\"cover\" \/><div class=\"wp-block-cover__inner-container has-global-padding is-layout-constrained wp-container-core-cover-is-layout-3968af2f wp-block-cover-is-layout-constrained\">\n<p style=\"font-size:clamp(1.624rem, 1.624rem + ((1vw - 0.2rem) * 1.877), 2.75rem);font-style:normal;font-weight:900;line-height:1.3;text-transform:uppercase\">Water park<\/p>\n<\/div><\/div>\n<\/a>\n\n<a class=\"is-style-lien-cover wp-block-read-more\" href=\"https:\/\/www.camping-bretagne-delapiscine.com\/en\/campsite-water-park-fouesnant\/\" target=\"_self\">Read more<span class=\"screen-reader-text\">: Water park<\/span><\/a>\n<\/li><\/ul><\/div>\n<\/div>\n","protected":false},"excerpt":{"rendered":"<p>Campsitenear B\u00e9nodet Discover B\u00e9nodet on foot or by bike from the campsite B\u00e9nodet has a chic, relaxed atmosphere. Just 8 km away, our campsite in Fouesnant is ideally situated to combine relaxation, activities and leisure in South Finist\u00e8re with the discovery of a charming seaside resort. B\u00e9nodet, a 5-star resort, invites you to enjoy its [&hellip;]<\/p>\n","protected":false},"author":1,"featured_media":2725,"parent":0,"menu_order":0,"comment_status":"closed","ping_status":"closed","template":"","meta":{"_acf_changed":false,"_seopress_robots_primary_cat":"","_seopress_titles_title":"Campsite near B\u00e9nodet","_seopress_titles_desc":"Explore B\u00e9nodet by bike from our campsite near B\u00e9nodet. Enjoy the charm of a 5-star resort and the wonders of South Finist\u00e8re. ","_seopress_robots_index":"","_gt_ctv_global_id":"1907","_gt_ctv_id_group":false,"inline_featured_image":false,"gt_fse_maillage_image":"https:\/\/www.camping-bretagne-delapiscine.com\/wp-content\/uploads\/2025\/12\/Camping-proche-de-Benodet.webp","gt_fse_maillage_titre":"B\u00e9nodet","gt_fse_maillage_alt":"Campsite near B\u00e9nodet","gt_fse_maillage_resume":"","footnotes":""},"categories":[],"tags":[],"class_list":["post-2249","page","type-page","status-publish","has-post-thumbnail","hentry"],"acf":[],"_links":{"self":[{"href":"https:\/\/www.camping-bretagne-delapiscine.com\/en\/wp-json\/wp\/v2\/pages\/2249","targetHints":{"allow":["GET"]}}],"collection":[{"href":"https:\/\/www.camping-bretagne-delapiscine.com\/en\/wp-json\/wp\/v2\/pages"}],"about":[{"href":"https:\/\/www.camping-bretagne-delapiscine.com\/en\/wp-json\/wp\/v2\/types\/page"}],"author":[{"embeddable":true,"href":"https:\/\/www.camping-bretagne-delapiscine.com\/en\/wp-json\/wp\/v2\/users\/1"}],"replies":[{"embeddable":true,"href":"https:\/\/www.camping-bretagne-delapiscine.com\/en\/wp-json\/wp\/v2\/comments?post=2249"}],"version-history":[{"count":24,"href":"https:\/\/www.camping-bretagne-delapiscine.com\/en\/wp-json\/wp\/v2\/pages\/2249\/revisions"}],"predecessor-version":[{"id":3486,"href":"https:\/\/www.camping-bretagne-delapiscine.com\/en\/wp-json\/wp\/v2\/pages\/2249\/revisions\/3486"}],"wp:featuredmedia":[{"embeddable":true,"href":"https:\/\/www.camping-bretagne-delapiscine.com\/en\/wp-json\/wp\/v2\/media\/2725"}],"wp:attachment":[{"href":"https:\/\/www.camping-bretagne-delapiscine.com\/en\/wp-json\/wp\/v2\/media?parent=2249"}],"wp:term":[{"taxonomy":"category","embeddable":true,"href":"https:\/\/www.camping-bretagne-delapiscine.com\/en\/wp-json\/wp\/v2\/categories?post=2249"},{"taxonomy":"post_tag","embeddable":true,"href":"https:\/\/www.camping-bretagne-delapiscine.com\/en\/wp-json\/wp\/v2\/tags?post=2249"}],"curies":[{"name":"wp","href":"https:\/\/api.w.org\/{rel}","templated":true}]}}