{"id":2245,"date":"2025-10-14T11:56:58","date_gmt":"2025-10-14T09:56:58","guid":{"rendered":"https:\/\/www.camping-bretagne-delapiscine.com\/camping-proche-beg-meil-fouesnant\/"},"modified":"2026-03-27T10:04:48","modified_gmt":"2026-03-27T09:04:48","slug":"campingplatz-nah-beg-meil-fouesnant","status":"publish","type":"page","link":"https:\/\/www.camping-bretagne-delapiscine.com\/de\/campingplatz-nah-beg-meil-fouesnant\/","title":{"rendered":"Beg-Meil"},"content":{"rendered":"\n<div class=\"wp-block-group section-1 has-global-padding is-layout-constrained wp-container-core-group-is-layout-c5903013 wp-block-group-is-layout-constrained\" style=\"padding-right:0px;padding-left:0px\">\n<div class=\"wp-block-columns content is-layout-flex wp-container-core-columns-is-layout-28f84493 wp-block-columns-is-layout-flex\">\n<div class=\"wp-block-column left is-layout-flow wp-block-column-is-layout-flow\" style=\"padding-top:6rem;padding-left:6rem\">\n<figure class=\"wp-block-image size-full is-resized\"><img decoding=\"async\" width=\"77\" height=\"90\" src=\"https:\/\/www.camping-bretagne-delapiscine.com\/wp-content\/uploads\/2025\/10\/forme-logo-jaune.svg\" alt=\"Form gelbes Logo\" class=\"wp-image-164\" style=\"width:200px\"\/><\/figure>\n\n\n\n<h1 class=\"wp-block-heading has-custom-color-1-color has-text-color has-link-color has-melbourne-thin-font-family wp-elements-a5a45a69149d982eb0664ca80c8fe8da\" style=\"margin-bottom:3rem;font-size:clamp(2.835rem, 2.835rem + ((1vw - 0.2rem) * 4.442), 5.5rem);letter-spacing:-3px;line-height:0.9\">Campingplatz <br\/>in der N\u00e4he von <br\/><strong>Beg-Meil<\/strong><\/h1>\n\n\n\n<h2 class=\"wp-block-heading has-custom-color-2-color has-text-color has-link-color wp-elements-6d8ad89d2e6ac3bfab977b3cc7a7421c\" style=\"font-size:clamp(1.378rem, 1.378rem + ((1vw - 0.2rem) * 1.453), 2.25rem);font-style:normal;font-weight:700\">Der Strand von Kerambigorn<\/h2>\n\n\n\n<p><a href=\"https:\/\/www.vedettes-odet.com\/idee-de-visite\/beg-meil\/\" target=\"_blank\" rel=\"noreferrer noopener nofollow\">Beg-Meil<\/a> liegt 3,5 km von unserem <a href=\"https:\/\/www.camping-bretagne-delapiscine.com\/de\/\" data-type=\"page\" data-id=\"9\">Campingplatz im s\u00fcdlichen Finist\u00e8re<\/a>, im Badeort Fouesnant-Les Gl\u00e9nan, und ist ein <strong>charmantes Dorf<\/strong> mit vielen <strong>nat\u00fcrlichen und kulturellen Attraktionen<\/strong>.<\/p>\n\n\n\n<p>Es ist ein Ort, den man unbedingt erkunden sollte \u2013 im Sommer mit seinen Str\u00e4nden, Restaurants, Gesch\u00e4ften und den sch\u00f6nen Villen aus der Belle Epoque! Verpassen Sie auch <a href=\"https:\/\/www.camping-bretagne-delapiscine.com\/de\/campingplatz-nah-benodet-fouesnant\/\" data-type=\"page\" data-id=\"26\">nicht den Badeort B\u00e9nodet<\/a>, der nur 8 km von unserem Campingplatz entfernt liegt. Wenn Sie sich f\u00fcr einen Campingplatz in der N\u00e4he von Beg-Meil entscheiden, <strong>w\u00e4hlen Sie die bretonische<\/strong> Lebensart zwischen Str\u00e4nden, <a href=\"https:\/\/www.tourisme-fouesnant.fr\/votre-sejour\/incontournables\/des-criques-intimistes\/\" target=\"_blank\" rel=\"noreferrer noopener nofollow\">Buchten<\/a> und <a href=\"https:\/\/www.camping-bretagne-delapiscine.com\/de\/tourismus-finistere-sud\/\" data-type=\"page\" data-id=\"28\">unverzichtbaren Ausflugszielen im s\u00fcdlichen Finist\u00e8re<\/a>. <\/p>\n\n\n\n<p>Der Strand von <a href=\"https:\/\/www.tourismebretagne.com\/preparer-mon-sejour\/bouger-visiter\/toutes-les-activites\/plage-de-kerambigorn-fouesnant-fr-1981390\/\" target=\"_blank\" rel=\"noreferrer noopener nofollow\">Kerambigorn<\/a> ist einer der beliebtesten Str\u00e4nde von Beg-Meil und liegt in einer <strong>nat\u00fcrlichen und wilden Umgebung<\/strong>. Der Strand ist lang und mit Strandhafer ges\u00e4umt und ist ideal f\u00fcr Familien und Erholungssuchende. Im Sommer finden hier auch <strong>Sportveranstaltungen<\/strong> wie Beachvolleyball oder Sandball statt, die f\u00fcr Jugendliche geeignet sind.  <\/p>\n<\/div>\n\n\n\n<div class=\"wp-block-column right has-base-2-background-color has-background is-layout-flow wp-block-column-is-layout-flow\" style=\"border-top-left-radius:25px;border-top-right-radius:0px;border-bottom-left-radius:0px;border-bottom-right-radius:0px;padding-top:2rem;padding-right:2rem;padding-bottom:2rem;padding-left:2rem\">\n<figure class=\"wp-block-image size-full has-custom-border\"><img decoding=\"async\" width=\"1015\" height=\"1126\" src=\"https:\/\/www.camping-bretagne-delapiscine.com\/wp-content\/uploads\/2025\/12\/beg-meil-bretagne.jpg\" alt=\"beg meil bretagne\" class=\"wp-image-1173\" style=\"border-radius:25px\"\/><\/figure>\n<\/div>\n<\/div>\n<\/div>\n\n<div class=\"wp-block-group section-2 has-custom-color-1-background-color has-background has-global-padding is-layout-constrained wp-container-core-group-is-layout-f1c8c357 wp-block-group-is-layout-constrained\" style=\"margin-top:10rem;padding-right:20rem;padding-bottom:8rem;padding-left:20rem\">\n<div class=\"wp-block-group content has-global-padding is-layout-constrained wp-container-core-group-is-layout-12243e0f wp-block-group-is-layout-constrained\">\n<div class=\"wp-block-group images has-global-padding is-layout-constrained wp-container-core-group-is-layout-12243e0f wp-block-group-is-layout-constrained\">\n<p class=\"slogan has-base-2-color has-text-color has-link-color has-square-peg-font-family wp-elements-0749b187afa9a94a7f7c02f6f56b8b56\" style=\"font-size:clamp(2.366rem, 2.366rem + ((1vw - 0.2rem) * 3.357), 4.38rem);letter-spacing:-1px;line-height:0.9\">Die Bretagne<br\/>gewinnt Sie!<\/p>\n\n\n\n<figure class=\"wp-block-image size-full is-resized has-custom-border image-1\"><img decoding=\"async\" width=\"1256\" height=\"1174\" src=\"https:\/\/www.camping-bretagne-delapiscine.com\/wp-content\/uploads\/2025\/12\/visiter-les-alentours-camping-la-piscine-bretagne.jpg\" alt=\"Besuchen Sie die Umgebung des Campingplatzes la piscine bretagne\" class=\"wp-image-1177\" style=\"border-radius:25px;aspect-ratio:1.0696635689071392;width:1160px;height:auto\"\/><figcaption class=\"wp-element-caption\">Strand von La Roche Perc\u00e9e<\/figcaption><\/figure>\n\n\n\n<div class=\"wp-block-group image-2 has-custom-color-1-background-color has-background has-global-padding is-layout-constrained wp-container-core-group-is-layout-e602302d wp-block-group-is-layout-constrained\" style=\"border-radius:25px;padding-top:2rem;padding-right:2rem;padding-bottom:2rem;padding-left:2rem\">\n<figure class=\"wp-block-image size-full has-custom-border\"><img decoding=\"async\" width=\"450\" height=\"466\" src=\"https:\/\/www.camping-bretagne-delapiscine.com\/wp-content\/uploads\/2025\/12\/plage-de-beg-meil-bretagne.jpg\" alt=\"Strand von Beg Meil Bretagne\" class=\"wp-image-1180\" style=\"border-radius:25px\"\/><\/figure>\n<\/div>\n\n\n\n<figure class=\"wp-block-image size-full has-custom-border image-3\"><img decoding=\"async\" width=\"398\" height=\"100\" src=\"https:\/\/www.camping-bretagne-delapiscine.com\/wp-content\/uploads\/2025\/10\/double-vague-blanc.svg\" alt=\"Doppelwelle wei&#xDF;\" class=\"wp-image-257\" style=\"border-radius:25px\"\/><\/figure>\n\n\n\n<figure class=\"wp-block-image size-full has-custom-border image-4\"><img decoding=\"async\" width=\"381\" height=\"206\" src=\"https:\/\/www.camping-bretagne-delapiscine.com\/wp-content\/uploads\/2025\/10\/tampon-lettre-blanc.svg\" alt=\"Briefstempel wei&#xDF;\" class=\"wp-image-261\" style=\"border-radius:25px\"\/><\/figure>\n<\/div>\n\n\n\n<h2 class=\"wp-block-heading has-base-2-color has-text-color has-link-color has-melbourne-thin-font-family wp-elements-0040f28ae5ab8c1da85bd3d93f7ae170\" style=\"margin-top:3rem;margin-right:0;margin-bottom:3rem;font-size:clamp(2.418rem, 2.418rem + ((1vw - 0.2rem) * 3.47), 4.5rem);line-height:0.9\"><strong>Die Str\u00e4nde von Les Dunes und Kermyl<\/strong><\/h2>\n\n\n\n<p class=\"text has-base-2-color has-text-color has-link-color wp-elements-5e2df9fc877113a68f69c9ee6c7a6da9\">Die intimeren Str\u00e4nde Les <strong>Dunes<\/strong> und <strong>Kermyl<\/strong> sind zwei <strong>Buchten mit wei\u00dfem Sand in<\/strong> der N\u00e4he der Landspitze von Beg-Meil. Hier k\u00f6nnen Sie in aller Ruhe schwimmen, lesen oder einfach nur ein Picknick mit Blick auf den Ozean genie\u00dfen, in einer <strong>Postkartenkulisse<\/strong>, nur wenige Kilometer von unserem Campingplatz in der N\u00e4he von Beg-Meil entfernt. <\/p>\n<\/div>\n\n\n\n<figure class=\"wp-block-image size-large leaf\"><img decoding=\"async\" width=\"548\" height=\"564\" src=\"https:\/\/www.camping-bretagne-delapiscine.com\/wp-content\/uploads\/2025\/10\/grande-feuille-blanc.svg\" alt=\"gro&#xDF;es wei&#xDF;es Blatt\" class=\"wp-image-244\"\/><\/figure>\n<\/div>\n\n<div class=\"wp-block-group section-3 has-global-padding is-layout-constrained wp-container-core-group-is-layout-8fefdfe2 wp-block-group-is-layout-constrained\" style=\"margin-top:0px;margin-bottom:0px;padding-top:0px;padding-right:0px;padding-bottom:0px;padding-left:0px\">\n<div class=\"wp-block-cover gt-multiple-images-cover has-slider\" style=\"padding-top:0;padding-right:0rem;padding-bottom:0;padding-left:0rem;min-height:100vh;aspect-ratio:unset;\" data-image-ids=\"[1687,1681,1684]\"><div class=\"gt-is-slider swiper-container\" data-swiper=\"{&quot;spaceBetween&quot;:0,&quot;slidesPerView&quot;:1,&quot;pagination&quot;:{&quot;el&quot;:&quot;.swiper-pagination&quot;,&quot;dynamicBullets&quot;:true,&quot;clickable&quot;:true,&quot;type&quot;:&quot;bullets&quot;},&quot;navigation&quot;:{&quot;nextEl&quot;:&quot;.swiper-button-next&quot;,&quot;prevEl&quot;:&quot;.swiper-button-prev&quot;},&quot;breakpoints&quot;:[{&quot;slidesPerView&quot;:1}],&quot;effect&quot;:&quot;fade&quot;}\"><div class=\"swiper-wrapper\"><div class=\"swiper-slide\"><img decoding=\"async\" src=\"https:\/\/www.camping-bretagne-delapiscine.com\/wp-content\/uploads\/2025\/12\/beg-meil.jpg\" alt=\"beg meil\" class=\"gt-cover-image\" \/><\/div><div class=\"swiper-slide\"><img decoding=\"async\" src=\"https:\/\/www.camping-bretagne-delapiscine.com\/wp-content\/uploads\/2025\/12\/beg-meil-plage.jpg\" alt=\"beg meil plage\" class=\"gt-cover-image\" \/><\/div><div class=\"swiper-slide\"><img decoding=\"async\" src=\"https:\/\/www.camping-bretagne-delapiscine.com\/wp-content\/uploads\/2025\/12\/beg-meil-randonnee.jpg\" alt=\"beg meil randonnee\" class=\"gt-cover-image\" \/><\/div><\/div><\/div><span aria-hidden=\"true\" class=\"wp-block-cover__background has-background-dim-70 has-background-dim has-background-gradient\" style=\"background:linear-gradient(90deg,rgba(255,255,255,0) 0%,rgb(0,0,0) 100%)\"><\/span><div class=\"wp-block-cover__inner-container has-global-padding is-layout-constrained wp-container-core-cover-is-layout-332d036f wp-block-cover-is-layout-constrained\">\n<div class=\"wp-block-columns is-layout-flex wp-container-core-columns-is-layout-65a7aca3 wp-block-columns-is-layout-flex\">\n<div class=\"wp-block-column is-vertically-aligned-bottom left is-layout-flow wp-block-column-is-layout-flow\" style=\"flex-basis:50%\">\n<div class=\"wp-block-group group-bullets is-nowrap is-layout-flex wp-container-core-group-is-layout-1d42571d wp-block-group-is-layout-flex\">\n<div class=\"wp-block-group bullet active has-base-2-background-color has-background has-global-padding is-layout-constrained wp-container-core-group-is-layout-7bca0983 wp-block-group-is-layout-constrained\" style=\"border-radius:25px;padding-top:1rem;padding-right:var(--wp--preset--spacing--10);padding-bottom:1rem;padding-left:var(--wp--preset--spacing--10)\">\n<figure class=\"wp-block-image size-full has-custom-border\"><img decoding=\"async\" width=\"1920\" height=\"700\" src=\"https:\/\/www.camping-bretagne-delapiscine.com\/wp-content\/uploads\/2025\/12\/beg-meil.jpg\" alt=\"beg meil\" class=\"wp-image-1687\" style=\"border-radius:25px\"\/><\/figure>\n<\/div>\n\n\n\n<div class=\"wp-block-group bullet has-base-2-background-color has-background has-global-padding is-layout-constrained wp-container-core-group-is-layout-7bca0983 wp-block-group-is-layout-constrained\" style=\"border-radius:25px;padding-top:1rem;padding-right:var(--wp--preset--spacing--10);padding-bottom:1rem;padding-left:var(--wp--preset--spacing--10)\">\n<figure class=\"wp-block-image size-full has-custom-border\"><img decoding=\"async\" width=\"461\" height=\"420\" src=\"https:\/\/www.camping-bretagne-delapiscine.com\/wp-content\/uploads\/2025\/12\/activites-beg-meil-bretagne.jpg\" alt=\"Aktivit&#xE4;ten beg meil bretagne\" class=\"wp-image-1186\" style=\"border-radius:25px\"\/><\/figure>\n<\/div>\n\n\n\n<div class=\"wp-block-group bullet has-base-2-background-color has-background has-global-padding is-layout-constrained wp-container-core-group-is-layout-e242f2a7 wp-block-group-is-layout-constrained\" style=\"border-radius:25px;padding-top:var(--wp--preset--spacing--10);padding-right:1rem;padding-bottom:var(--wp--preset--spacing--10);padding-left:1rem\">\n<figure class=\"wp-block-image size-full has-custom-border\"><img decoding=\"async\" width=\"461\" height=\"420\" src=\"https:\/\/www.camping-bretagne-delapiscine.com\/wp-content\/uploads\/2025\/12\/gr34-beg-meil-bretagne.jpg\" alt=\"gr beg meil bretagne\" class=\"wp-image-1189\" style=\"border-radius:25px\"\/><\/figure>\n<\/div>\n<\/div>\n<\/div>\n\n\n\n<div class=\"wp-block-column right is-layout-flow wp-block-column-is-layout-flow\" style=\"padding-top:6rem;padding-right:12rem;padding-bottom:6rem;flex-basis:50%\">\n<h2 class=\"wp-block-heading has-text-align-left has-base-2-color has-text-color has-link-color has-melbourne-thin-font-family wp-elements-c6df9775d9d1388fc8db77468bb93e07\" style=\"margin-top:3rem;margin-right:0;margin-bottom:3rem;font-size:clamp(2.418rem, 2.418rem + ((1vw - 0.2rem) * 3.47), 4.5rem);line-height:0.9\"><strong>Wanderung auf dem GR34 von Ihrem Campingplatz in der N\u00e4he von Beg-Meil aus<\/strong><\/h2>\n\n\n\n<p class=\"has-base-2-color has-text-color has-link-color wp-elements-e413a7c50270e77c229620166fb43ad0\">Wenn Sie auf dem Campingplatz La Piscine wohnen, haben Sie eine ideale Lage f\u00fcr die Aktivit\u00e4ten und Freizeitaktivit\u00e4ten, die das <a href=\"https:\/\/www.camping-bretagne-delapiscine.com\/de\/aktivitaeten-fouesnant\/\" data-type=\"page\" data-id=\"30\">s\u00fcdliche Finist\u00e8re<\/a> zu bieten hat. Wenn Sie gerne wandern, sollten Sie sich den <a href=\"https:\/\/www.tourisme-fouesnant.fr\/notre-destination\/faites-comme-chez-nous\/partir-en-balade-entre-beg-meil-et-le-cap-coz\/\" target=\"_blank\" rel=\"noreferrer noopener nofollow\">Z\u00f6llnerpfad (GR34)<\/a> nicht entgehen lassen, der <strong>die Spitze von Beg-Meil mit Cap-Coz verbindet<\/strong>. Dieser K\u00fcstenpfad bietet <strong>spektakul\u00e4re Aus<\/strong> blicke auf das t\u00fcrkisfarbene Wasser, versteckte Buchten und den Gl\u00e9nan-Archipel. Sie kommen an den Str\u00e4nden von Les Oiseaux, Kerveltrec und Lantecoste vorbei, die perfekt f\u00fcr eine beschauliche Pause oder ein erfrischendes Bad sind.   <\/p>\n<\/div>\n<\/div>\n<\/div><\/div>\n<\/div>\n\n<div class=\"wp-block-group section-maillage has-global-padding is-layout-constrained wp-container-core-group-is-layout-53e62878 wp-block-group-is-layout-constrained\" style=\"margin-top:0px;margin-bottom:8rem;padding-top:0px;padding-bottom:0px\">\n<p class=\"has-text-align-center has-custom-color-1-color has-text-color has-link-color has-melbourne-thin-font-family gt-no-padding-mobile wp-elements-bfd984d29b2b4b8c3fb842f584669263\" style=\"margin-top:4rem;margin-bottom:4rem;padding-top:6rem;padding-right:4rem;padding-bottom:4rem;padding-left:4rem;font-size:clamp(2.418rem, 2.418rem + ((1vw - 0.2rem) * 3.47), 4.5rem);line-height:1;text-transform:none\"><strong>Entdecken Sie die Umgebung, <\/strong><br\/><strong>Aktivit\u00e4ten und Preise<\/strong><\/p>\n\n\n\n<div data-wp-context=\"{}\" data-wp-interactive=\"core\/query\" data-wp-key=\"0\" data-wp-router-region=\"query-0\" class=\"wp-block-query alignwide gt-fse-maillage-query is-layout-flow wp-block-query-is-layout-flow\"><ul class=\"columns-3 wp-block-post-template is-layout-grid wp-container-core-post-template-is-layout-42cbe8f0 wp-block-post-template-is-layout-grid\"><li data-wp-key=\"post-template-item-2253\" class=\"wp-block-post post-2253 page type-page status-publish has-post-thumbnail hentry\">\n<a href=\"https:\/\/www.camping-bretagne-delapiscine.com\/de\/tourismus-finistere-sud\/\"    class=\"wp-block-tiptip-hyperlink-group-block\" >\n<div class=\"wp-block-cover\" style=\"border-radius:25px;padding-top:4rem;padding-right:4rem;padding-bottom:4rem;padding-left:4rem\"><span aria-hidden=\"true\" class=\"wp-block-cover__background has-background-dim has-background-gradient\" style=\"background:linear-gradient(180deg,rgba(255,255,255,0) 0%,rgb(0,0,0) 100%)\"><\/span><img decoding=\"async\" width=\"1920\" height=\"800\" src=\"https:\/\/www.camping-bretagne-delapiscine.com\/wp-content\/uploads\/2025\/12\/visiter-la-bretagne-camping-la-piscine.jpg\" class=\"wp-block-cover__image-background wp-post-image\" alt=\"die bretagne besuchen camping la piscine\" data-object-fit=\"cover\" \/><div class=\"wp-block-cover__inner-container has-global-padding is-layout-constrained wp-container-core-cover-is-layout-3968af2f wp-block-cover-is-layout-constrained\">\n<p style=\"font-size:clamp(1.624rem, 1.624rem + ((1vw - 0.2rem) * 1.877), 2.75rem);font-style:normal;font-weight:900;line-height:1.3;text-transform:uppercase\">Zu besuchen<\/p>\n<\/div><\/div>\n<\/a>\n\n<a class=\"is-style-lien-cover wp-block-read-more\" href=\"https:\/\/www.camping-bretagne-delapiscine.com\/de\/tourismus-finistere-sud\/\" target=\"_self\">Weiterlesen<span class=\"screen-reader-text\">: Zu besuchen<\/span><\/a>\n<\/li><li data-wp-key=\"post-template-item-2142\" class=\"wp-block-post post-2142 page type-page status-publish has-post-thumbnail hentry\">\n<a href=\"https:\/\/www.camping-bretagne-delapiscine.com\/de\/aktivitaeten-fouesnant\/\"    class=\"wp-block-tiptip-hyperlink-group-block\" >\n<div class=\"wp-block-cover\" style=\"border-radius:25px;padding-top:4rem;padding-right:4rem;padding-bottom:4rem;padding-left:4rem\"><span aria-hidden=\"true\" class=\"wp-block-cover__background has-background-dim has-background-gradient\" style=\"background:linear-gradient(180deg,rgba(255,255,255,0) 0%,rgb(0,0,0) 100%)\"><\/span><img decoding=\"async\" width=\"1920\" height=\"800\" src=\"https:\/\/www.camping-bretagne-delapiscine.com\/wp-content\/uploads\/2025\/12\/activite-a-fouesnant-bretagne.jpg\" class=\"wp-block-cover__image-background wp-post-image\" alt=\"Aktivit\u00e4t in Fouesnant Bretagne\" data-object-fit=\"cover\" \/><div class=\"wp-block-cover__inner-container has-global-padding is-layout-constrained wp-container-core-cover-is-layout-3968af2f wp-block-cover-is-layout-constrained\">\n<p style=\"font-size:clamp(1.624rem, 1.624rem + ((1vw - 0.2rem) * 1.877), 2.75rem);font-style:normal;font-weight:900;line-height:1.3;text-transform:uppercase\">Aktivit\u00e4ten und Freizeit<\/p>\n<\/div><\/div>\n<\/a>\n\n<a class=\"is-style-lien-cover wp-block-read-more\" href=\"https:\/\/www.camping-bretagne-delapiscine.com\/de\/aktivitaeten-fouesnant\/\" target=\"_self\">Weiterlesen<span class=\"screen-reader-text\">: Aktivit\u00e4ten und Freizeit<\/span><\/a>\n<\/li><li data-wp-key=\"post-template-item-2175\" class=\"wp-block-post post-2175 page type-page status-publish has-post-thumbnail hentry\">\n<a href=\"https:\/\/www.camping-bretagne-delapiscine.com\/de\/guenstiger-campingplatz-fouesnant\/\"    class=\"wp-block-tiptip-hyperlink-group-block\" >\n<div class=\"wp-block-cover\" style=\"border-radius:25px;padding-top:4rem;padding-right:4rem;padding-bottom:4rem;padding-left:4rem\"><span aria-hidden=\"true\" class=\"wp-block-cover__background has-background-dim has-background-gradient\" style=\"background:linear-gradient(180deg,rgba(255,255,255,0) 0%,rgb(0,0,0) 100%)\"><\/span><img decoding=\"async\" width=\"1920\" height=\"800\" src=\"https:\/\/www.camping-bretagne-delapiscine.com\/wp-content\/uploads\/2025\/12\/camping-pas-cher-bretagne.jpg\" class=\"wp-block-cover__image-background wp-post-image\" alt=\"g\u00fcnstiger campingplatz bretagne\" data-object-fit=\"cover\" \/><div class=\"wp-block-cover__inner-container has-global-padding is-layout-constrained wp-container-core-cover-is-layout-3968af2f wp-block-cover-is-layout-constrained\">\n<p style=\"font-size:clamp(1.624rem, 1.624rem + ((1vw - 0.2rem) * 1.877), 2.75rem);font-style:normal;font-weight:900;line-height:1.3;text-transform:uppercase\">Preise<\/p>\n<\/div><\/div>\n<\/a>\n\n<a class=\"is-style-lien-cover wp-block-read-more\" href=\"https:\/\/www.camping-bretagne-delapiscine.com\/de\/guenstiger-campingplatz-fouesnant\/\" target=\"_self\">Weiterlesen<span class=\"screen-reader-text\">: Preise<\/span><\/a>\n<\/li><\/ul><\/div>\n<\/div>\n","protected":false},"excerpt":{"rendered":"<p>Campingplatz in der N\u00e4he von Beg-Meil Der Strand von Kerambigorn Beg-Meil liegt 3,5 km von unserem Campingplatz im s\u00fcdlichen Finist\u00e8re, im Badeort Fouesnant-Les Gl\u00e9nan, und ist ein charmantes Dorf mit vielen nat\u00fcrlichen und kulturellen Attraktionen. Es ist ein Ort, den man unbedingt erkunden sollte \u2013 im Sommer mit seinen Str\u00e4nden, Restaurants, Gesch\u00e4ften und den sch\u00f6nen [&hellip;]<\/p>\n","protected":false},"author":1,"featured_media":3539,"parent":0,"menu_order":0,"comment_status":"closed","ping_status":"closed","template":"","meta":{"_acf_changed":false,"_seopress_robots_primary_cat":"","_seopress_titles_title":"Camping in der N\u00e4he von Beg-Meil","_seopress_titles_desc":"Genie\u00dfen Sie die Bretagne auf unserem Campingplatz in der N\u00e4he von Beg-Meil, zwischen feinen Sandstr\u00e4nden und kleinen Buchten. Wandern GR34 und Entspannung erwarten Sie nur wenige Kilometer entfernt! ","_seopress_robots_index":"","_gt_ctv_global_id":"1907","_gt_ctv_id_group":false,"inline_featured_image":false,"gt_fse_maillage_image":"https:\/\/www.camping-bretagne-delapiscine.com\/wp-content\/uploads\/2025\/12\/camping-prochhe-beg-meil.jpg","gt_fse_maillage_titre":"Beg-Meil","gt_fse_maillage_alt":"camping bretagne haus in beg meil","gt_fse_maillage_resume":"","footnotes":""},"categories":[],"tags":[],"class_list":["post-2245","page","type-page","status-publish","has-post-thumbnail","hentry"],"acf":[],"_links":{"self":[{"href":"https:\/\/www.camping-bretagne-delapiscine.com\/de\/wp-json\/wp\/v2\/pages\/2245","targetHints":{"allow":["GET"]}}],"collection":[{"href":"https:\/\/www.camping-bretagne-delapiscine.com\/de\/wp-json\/wp\/v2\/pages"}],"about":[{"href":"https:\/\/www.camping-bretagne-delapiscine.com\/de\/wp-json\/wp\/v2\/types\/page"}],"author":[{"embeddable":true,"href":"https:\/\/www.camping-bretagne-delapiscine.com\/de\/wp-json\/wp\/v2\/users\/1"}],"replies":[{"embeddable":true,"href":"https:\/\/www.camping-bretagne-delapiscine.com\/de\/wp-json\/wp\/v2\/comments?post=2245"}],"version-history":[{"count":10,"href":"https:\/\/www.camping-bretagne-delapiscine.com\/de\/wp-json\/wp\/v2\/pages\/2245\/revisions"}],"predecessor-version":[{"id":3545,"href":"https:\/\/www.camping-bretagne-delapiscine.com\/de\/wp-json\/wp\/v2\/pages\/2245\/revisions\/3545"}],"wp:featuredmedia":[{"embeddable":true,"href":"https:\/\/www.camping-bretagne-delapiscine.com\/de\/wp-json\/wp\/v2\/media\/3539"}],"wp:attachment":[{"href":"https:\/\/www.camping-bretagne-delapiscine.com\/de\/wp-json\/wp\/v2\/media?parent=2245"}],"wp:term":[{"taxonomy":"category","embeddable":true,"href":"https:\/\/www.camping-bretagne-delapiscine.com\/de\/wp-json\/wp\/v2\/categories?post=2245"},{"taxonomy":"post_tag","embeddable":true,"href":"https:\/\/www.camping-bretagne-delapiscine.com\/de\/wp-json\/wp\/v2\/tags?post=2245"}],"curies":[{"name":"wp","href":"https:\/\/api.w.org\/{rel}","templated":true}]}}