{"id":2182,"date":"2025-10-14T11:57:12","date_gmt":"2025-10-14T09:57:12","guid":{"rendered":"https:\/\/www.camping-bretagne-delapiscine.com\/camping-proche-benodet-fouesnant\/"},"modified":"2026-02-05T11:44:43","modified_gmt":"2026-02-05T10:44:43","slug":"campingplatz-nah-benodet-fouesnant","status":"publish","type":"page","link":"https:\/\/www.camping-bretagne-delapiscine.com\/de\/campingplatz-nah-benodet-fouesnant\/","title":{"rendered":"B\u00e9nodet"},"content":{"rendered":"\n<div class=\"wp-block-group section-1 has-global-padding is-layout-constrained wp-container-core-group-is-layout-c5903013 wp-block-group-is-layout-constrained\" style=\"padding-right:0px;padding-left:0px\">\n<div class=\"wp-block-columns content is-layout-flex wp-container-core-columns-is-layout-28f84493 wp-block-columns-is-layout-flex\">\n<div class=\"wp-block-column left is-layout-flow wp-block-column-is-layout-flow\" style=\"padding-top:6rem;padding-left:6rem\">\n<figure class=\"wp-block-image size-full is-resized\"><img decoding=\"async\" width=\"77\" height=\"90\" src=\"https:\/\/www.camping-bretagne-delapiscine.com\/wp-content\/uploads\/2025\/10\/forme-logo-jaune.svg\" alt=\"Form gelbes Logo\" class=\"wp-image-164\" style=\"width:200px\"\/><\/figure>\n\n\n\n<h1 class=\"wp-block-heading has-custom-color-1-color has-text-color has-link-color has-melbourne-thin-font-family wp-elements-fd0d83fd8e7cab9437b4387701c3d966\" style=\"margin-bottom:3rem;font-size:clamp(2.835rem, 2.835rem + ((1vw - 0.2rem) * 4.442), 5.5rem);letter-spacing:-3px;line-height:0.9\">Campingplatz<br\/>in der N\u00e4he<br\/>von <strong>B\u00e9nodet<\/strong><\/h1>\n\n\n\n<h2 class=\"wp-block-heading has-custom-color-2-color has-text-color has-link-color wp-elements-34015480f617b1bc708bf7dc32bd6550\" style=\"font-size:clamp(1.378rem, 1.378rem + ((1vw - 0.2rem) * 1.453), 2.25rem);font-style:normal;font-weight:700\">B\u00e9nodet zu Fu\u00df oder mit dem Fahrrad vom Campingplatz aus entdecken<\/h2>\n\n\n\n<p>B\u00e9nodet besticht durch sein <strong>schickes und entspanntes Ambiente<\/strong>. Unser <a href=\"https:\/\/www.camping-bretagne-delapiscine.com\/\" data-type=\"page\" data-id=\"9\">Campingplatz in Fouesnant<\/a> liegt etwa 8 km entfernt und ist ideal gelegen, um Entspannung, <a href=\"https:\/\/www.camping-bretagne-delapiscine.com\/de\/aktivitaeten-fouesnant\/\" data-type=\"page\" data-id=\"30\">Aktivit\u00e4ten und Freizeit im s\u00fcdlichen Finist\u00e8re<\/a> mit der Entdeckung eines charmanten Badeortes zu verbinden. B\u00e9nodet, ein <a href=\"https:\/\/www.benodet.fr\/\" target=\"_blank\" rel=\"noreferrer noopener nofollow\">mit 5 Sternen klassifizierter Ort<\/a>, l\u00e4dt Sie ein, seine <strong>elegante K\u00fcste<\/strong> an der M\u00fcndung des Flusses Odet zu genie\u00dfen, der als &#8222;der sch\u00f6nste Fluss Frankreichs&#8220; bekannt ist. Entdecken Sie auch das <strong>Thalassotherapiezentrum<\/strong>, das <strong>Kasino<\/strong>, das <strong>Kino<\/strong>&#8230;   <\/p>\n\n\n\n<p>Fahren Sie mit dem Fahrrad oder ziehen Sie Ihre Wanderschuhe an, um von unserem Campingplatz nach B\u00e9nodet zu gelangen. Die Strecke zwischen Fouesnant und B\u00e9nodet ist eine <strong>sch\u00f6ne Strecke<\/strong>, entweder \u00fcber die Kais oder den K\u00fcstenweg. Dort k\u00f6nnen Sie die <strong>neue Promenade<\/strong> und den <strong>Jachthafen<\/strong> erkunden oder mit der Fu\u00dfg\u00e4ngerf\u00e4hre, dem<strong> Boot &#8222;PICOT&#8220;<\/strong>, \u00fcber die Odet nach Sainte-Marine \u00fcbersetzen. Verpassen Sie auch nicht das charmante Dorf <a href=\"https:\/\/www.camping-bretagne-delapiscine.com\/de\/campingplatz-nah-beg-meil-fouesnant\/\" data-type=\"page\" data-id=\"24\">Beg-Meil<\/a>, das nur wenige Kilometer entfernt liegt.   <\/p>\n<\/div>\n\n\n\n<div class=\"wp-block-column right has-base-2-background-color has-background is-layout-flow wp-block-column-is-layout-flow\" style=\"border-top-left-radius:25px;border-top-right-radius:0px;border-bottom-left-radius:0px;border-bottom-right-radius:0px;padding-top:2rem;padding-right:2rem;padding-bottom:2rem;padding-left:2rem\">\n<figure class=\"wp-block-image size-full has-custom-border\"><img decoding=\"async\" width=\"2000\" height=\"1500\" src=\"https:\/\/www.camping-bretagne-delapiscine.com\/wp-content\/uploads\/2025\/12\/Camping-proche-de-Benodet-2.webp\" alt=\"Campingplatz in der N&#xE4;he von B&#xE9;nodet\" class=\"wp-image-2722\" style=\"border-radius:25px\"\/><\/figure>\n<\/div>\n<\/div>\n<\/div>\n\n<div class=\"wp-block-group section-2 has-custom-color-1-background-color has-background has-global-padding is-layout-constrained wp-container-core-group-is-layout-f1c8c357 wp-block-group-is-layout-constrained\" style=\"margin-top:10rem;padding-right:20rem;padding-bottom:8rem;padding-left:20rem\">\n<div class=\"wp-block-group content has-global-padding is-layout-constrained wp-container-core-group-is-layout-12243e0f wp-block-group-is-layout-constrained\">\n<div class=\"wp-block-group images has-global-padding is-layout-constrained wp-container-core-group-is-layout-12243e0f wp-block-group-is-layout-constrained\">\n<p class=\"slogan has-base-2-color has-text-color has-link-color has-square-peg-font-family wp-elements-0ef1c6bb12baf3a3b460a3f5eea1905b\" style=\"font-size:clamp(2.366rem, 2.366rem + ((1vw - 0.2rem) * 3.357), 4.38rem);letter-spacing:-1px;line-height:0.9\">Ein Urlaub<br\/>am Meer<\/p>\n\n\n\n<figure class=\"wp-block-image size-full has-custom-border image-1\"><img decoding=\"async\" width=\"1256\" height=\"1174\" src=\"https:\/\/www.camping-bretagne-delapiscine.com\/wp-content\/uploads\/2025\/12\/archipel-des-glenan.jpg\" alt=\"Glenan-Archipel\" class=\"wp-image-1211\" style=\"border-radius:25px\"\/><\/figure>\n\n\n\n<div class=\"wp-block-group image-2 has-custom-color-1-background-color has-background has-global-padding is-layout-constrained wp-container-core-group-is-layout-e602302d wp-block-group-is-layout-constrained\" style=\"border-radius:25px;padding-top:2rem;padding-right:2rem;padding-bottom:2rem;padding-left:2rem\">\n<figure class=\"wp-block-image size-full has-custom-border\"><img decoding=\"async\" width=\"450\" height=\"466\" src=\"https:\/\/www.camping-bretagne-delapiscine.com\/wp-content\/uploads\/2025\/12\/plage-archipel-des-glenan.jpg\" alt=\"Strand des Glenan-Archipels\" class=\"wp-image-1214\" style=\"border-radius:25px\"\/><\/figure>\n<\/div>\n\n\n\n<figure class=\"wp-block-image size-full has-custom-border image-3\"><img decoding=\"async\" width=\"398\" height=\"100\" src=\"https:\/\/www.camping-bretagne-delapiscine.com\/wp-content\/uploads\/2025\/10\/double-vague-blanc.svg\" alt=\"Doppelwelle wei&#xDF;\" class=\"wp-image-257\" style=\"border-radius:25px\"\/><\/figure>\n\n\n\n<figure class=\"wp-block-image size-full has-custom-border image-4\"><img decoding=\"async\" width=\"381\" height=\"206\" src=\"https:\/\/www.camping-bretagne-delapiscine.com\/wp-content\/uploads\/2025\/10\/tampon-lettre-blanc.svg\" alt=\"Briefstempel wei&#xDF;\" class=\"wp-image-261\" style=\"border-radius:25px\"\/><\/figure>\n<\/div>\n\n\n\n<h2 class=\"wp-block-heading has-base-2-color has-text-color has-link-color has-melbourne-thin-font-family wp-elements-3eacc808a26c2bd264828c66f8aa71b4\" style=\"margin-top:3rem;margin-right:0;margin-bottom:3rem;font-size:clamp(2.418rem, 2.418rem + ((1vw - 0.2rem) * 3.47), 4.5rem);line-height:0.9\"><strong>5-Sterne-Resort<\/strong><\/h2>\n\n\n\n<p class=\"text has-base-2-color has-text-color has-link-color wp-elements-c1be2f65a7bf93ff8c462fde1e64b401\">W\u00e4hrend Ihres Aufenthalts haben Sie <a href=\"https:\/\/www.camping-bretagne-delapiscine.com\/de\/tourismus-finistere-sud\/\" data-type=\"page\" data-id=\"28\">die Gelegenheit, die Wunder des s\u00fcdlichen Finist\u00e8re zu entdecken<\/a>. Unser Campingplatz liegt in der N\u00e4he von B\u00e9nodet, das sich durch seine vielf\u00e4ltigen Einrichtungen auszeichnet: das <strong>Barri\u00e8re-Kasino<\/strong>, das Kino &#8222;<strong>Cin\u00e9marine<\/strong>&#8220; und vor allem das <strong>Thalassotherapiezentrum<\/strong> <a href=\"https:\/\/benodet.relaisthalasso.com\/fr\/\" target=\"_blank\" rel=\"noreferrer noopener nofollow\">Relais Thalasso<\/a>, das perfekt f\u00fcr eine Auszeit vom Alltag ist. Sie k\u00f6nnen auch das charmante <strong>Mus\u00e9e du Bord de Mer<\/strong> erkunden, den Markt am Montagmorgen besuchen oder die lokalen Sommerveranstaltungen genie\u00dfen. Entlang der Corniche k\u00f6nnen Sie mit Blick auf den Ozean spazieren gehen und die Aussicht auf das Gl\u00e9nan-Archipel genie\u00dfen.<\/p>\n<\/div>\n\n\n\n<figure class=\"wp-block-image size-large leaf\"><img decoding=\"async\" width=\"548\" height=\"564\" src=\"https:\/\/www.camping-bretagne-delapiscine.com\/wp-content\/uploads\/2025\/10\/grande-feuille-blanc.svg\" alt=\"gro&#xDF;es wei&#xDF;es Blatt\" class=\"wp-image-244\"\/><\/figure>\n<\/div>\n\n<div class=\"wp-block-group section-3 has-global-padding is-layout-constrained wp-container-core-group-is-layout-8fefdfe2 wp-block-group-is-layout-constrained\" style=\"margin-top:0px;margin-bottom:0px;padding-top:0px;padding-right:0px;padding-bottom:0px;padding-left:0px\">\n<div class=\"wp-block-cover gt-multiple-images-cover has-slider\" style=\"padding-top:0;padding-right:0rem;padding-bottom:0;padding-left:0rem;min-height:100vh;aspect-ratio:unset;\" data-image-ids=\"[1696,1693,1690]\"><div class=\"gt-is-slider swiper-container\" data-swiper=\"{&quot;spaceBetween&quot;:0,&quot;slidesPerView&quot;:1,&quot;pagination&quot;:{&quot;el&quot;:&quot;.swiper-pagination&quot;,&quot;dynamicBullets&quot;:true,&quot;clickable&quot;:true,&quot;type&quot;:&quot;bullets&quot;},&quot;navigation&quot;:{&quot;nextEl&quot;:&quot;.swiper-button-next&quot;,&quot;prevEl&quot;:&quot;.swiper-button-prev&quot;},&quot;breakpoints&quot;:[{&quot;slidesPerView&quot;:1}],&quot;effect&quot;:&quot;fade&quot;}\"><div class=\"swiper-wrapper\"><div class=\"swiper-slide\"><img decoding=\"async\" src=\"https:\/\/www.camping-bretagne-delapiscine.com\/wp-content\/uploads\/2025\/12\/benodet.jpg\" alt=\"benodet\" class=\"gt-cover-image\" \/><\/div><div class=\"swiper-slide\"><img decoding=\"async\" src=\"https:\/\/www.camping-bretagne-delapiscine.com\/wp-content\/uploads\/2025\/12\/benodet-famille.jpg\" alt=\"benodet famille\" class=\"gt-cover-image\" \/><\/div><div class=\"swiper-slide\"><img decoding=\"async\" src=\"https:\/\/www.camping-bretagne-delapiscine.com\/wp-content\/uploads\/2025\/12\/benodet-activites.jpg\" alt=\"benodet activites\" class=\"gt-cover-image\" \/><\/div><\/div><\/div><span aria-hidden=\"true\" class=\"wp-block-cover__background has-background-dim-70 has-background-dim has-background-gradient\" style=\"background:linear-gradient(90deg,rgba(255,255,255,0) 0%,rgb(0,0,0) 100%)\"><\/span><div class=\"wp-block-cover__inner-container has-global-padding is-layout-constrained wp-container-core-cover-is-layout-332d036f wp-block-cover-is-layout-constrained\">\n<div class=\"wp-block-columns is-layout-flex wp-container-core-columns-is-layout-65a7aca3 wp-block-columns-is-layout-flex\">\n<div class=\"wp-block-column is-vertically-aligned-bottom left is-layout-flow wp-block-column-is-layout-flow\" style=\"flex-basis:50%\">\n<div class=\"wp-block-group group-bullets is-nowrap is-layout-flex wp-container-core-group-is-layout-1d42571d wp-block-group-is-layout-flex\">\n<div class=\"wp-block-group bullet active has-base-2-background-color has-background has-global-padding is-layout-constrained wp-container-core-group-is-layout-7bca0983 wp-block-group-is-layout-constrained\" style=\"border-radius:25px;padding-top:1rem;padding-right:var(--wp--preset--spacing--10);padding-bottom:1rem;padding-left:var(--wp--preset--spacing--10)\">\n<figure class=\"wp-block-image size-full has-custom-border\"><img decoding=\"async\" width=\"1920\" height=\"700\" src=\"https:\/\/www.camping-bretagne-delapiscine.com\/wp-content\/uploads\/2025\/12\/benodet.jpg\" alt=\"benodet\" class=\"wp-image-1696\" style=\"border-radius:25px\"\/><\/figure>\n<\/div>\n\n\n\n<div class=\"wp-block-group bullet has-base-2-background-color has-background has-global-padding is-layout-constrained wp-container-core-group-is-layout-7bca0983 wp-block-group-is-layout-constrained\" style=\"border-radius:25px;padding-top:1rem;padding-right:var(--wp--preset--spacing--10);padding-bottom:1rem;padding-left:var(--wp--preset--spacing--10)\">\n<figure class=\"wp-block-image size-full has-custom-border\"><img decoding=\"async\" width=\"461\" height=\"420\" src=\"https:\/\/www.camping-bretagne-delapiscine.com\/wp-content\/uploads\/2025\/12\/activites-familiale-bretagne.jpg\" alt=\"familienaktivit&#xE4;ten bretagne\" class=\"wp-image-1220\" style=\"border-radius:25px\"\/><\/figure>\n<\/div>\n\n\n\n<div class=\"wp-block-group bullet has-base-2-background-color has-background has-global-padding is-layout-constrained wp-container-core-group-is-layout-e242f2a7 wp-block-group-is-layout-constrained\" style=\"border-radius:25px;padding-top:var(--wp--preset--spacing--10);padding-right:1rem;padding-bottom:var(--wp--preset--spacing--10);padding-left:1rem\">\n<figure class=\"wp-block-image size-full has-custom-border\"><img decoding=\"async\" width=\"461\" height=\"420\" src=\"https:\/\/www.camping-bretagne-delapiscine.com\/wp-content\/uploads\/2025\/12\/activites-nautiques-bretagne.jpg\" alt=\"nautische aktivit&#xE4;ten bretagne\" class=\"wp-image-1223\" style=\"border-radius:25px\"\/><\/figure>\n<\/div>\n<\/div>\n<\/div>\n\n\n\n<div class=\"wp-block-column right is-layout-flow wp-block-column-is-layout-flow\" style=\"padding-top:6rem;padding-right:12rem;padding-bottom:6rem;flex-basis:50%\">\n<h2 class=\"wp-block-heading has-text-align-left has-base-2-color has-text-color has-link-color has-melbourne-thin-font-family wp-elements-7dd5ce5b9cfd54b5fd32cef38f28052a\" style=\"margin-top:3rem;margin-right:0;margin-bottom:3rem;font-size:clamp(2.418rem, 2.418rem + ((1vw - 0.2rem) * 3.47), 4.5rem);line-height:0.9\"><strong>Familienbesuche in B\u00e9nodet<\/strong><\/h2>\n\n\n\n<p class=\"has-base-2-color has-text-color has-link-color wp-elements-90eeb372a9da9654a52842ca7591c17a\">F\u00fcr Familien gibt es <a href=\"https:\/\/www.tripadvisor.fr\/Attractions-g196525-Activities-Benodet_Finistere_Brittany.html\" target=\"_blank\" rel=\"noreferrer noopener nofollow\">in B\u00e9nodet viele Aktivit\u00e4ten zu entdecken<\/a>: Verpassen Sie nicht das <strong>Mus\u00e9e du Bord de Mer<\/strong>, den <strong>kleinen Touristenzug<\/strong> oder die <strong>Spielpl\u00e4tze<\/strong>. Die j\u00fcngeren G\u00e4ste werden den <strong>Strand von Trez<\/strong> lieben, ein gro\u00dfer Strand mit feinem Sand, ideal zum Schwimmen oder Spielen. F\u00fcr Geschichtsinteressierte ist die denkmalgesch\u00fctzte<strong>St. Thomas Becket-Kirche<\/strong> einen Besuch wert. Wanderfreunde werden die <strong>K\u00fcstenwege<\/strong> und die zahlreichen <strong>Wassersportm\u00f6glichkeiten <\/strong>zu sch\u00e4tzen wissen.<\/p>\n<\/div>\n<\/div>\n<\/div><\/div>\n<\/div>\n\n<div class=\"wp-block-group section-maillage has-global-padding is-layout-constrained wp-container-core-group-is-layout-53e62878 wp-block-group-is-layout-constrained\" style=\"margin-top:0px;margin-bottom:8rem;padding-top:0px;padding-bottom:0px\">\n<p class=\"has-text-align-center has-custom-color-1-color has-text-color has-link-color has-melbourne-thin-font-family gt-no-padding-mobile wp-elements-8bb7a34bba863b3da406e4f0afe8303a\" style=\"margin-top:4rem;margin-bottom:4rem;padding-top:6rem;padding-right:4rem;padding-bottom:4rem;padding-left:4rem;font-size:clamp(2.418rem, 2.418rem + ((1vw - 0.2rem) * 3.47), 4.5rem);line-height:1;text-transform:none\"><strong><strong>Entdecken Sie die Umgebung, die Aktivit\u00e4ten und unseren Wasserpark.<\/strong><\/strong><\/p>\n\n\n\n<div data-wp-context=\"{}\" data-wp-interactive=\"core\/query\" data-wp-key=\"0\" data-wp-router-region=\"query-0\" class=\"wp-block-query alignwide gt-fse-maillage-query is-layout-flow wp-block-query-is-layout-flow\"><ul class=\"columns-3 wp-block-post-template is-layout-grid wp-container-core-post-template-is-layout-42cbe8f0 wp-block-post-template-is-layout-grid\"><li data-wp-key=\"post-template-item-2253\" class=\"wp-block-post post-2253 page type-page status-publish has-post-thumbnail hentry\">\n<a href=\"https:\/\/www.camping-bretagne-delapiscine.com\/de\/tourismus-finistere-sud\/\"    class=\"wp-block-tiptip-hyperlink-group-block\" >\n<div class=\"wp-block-cover\" style=\"border-radius:25px;padding-top:4rem;padding-right:4rem;padding-bottom:4rem;padding-left:4rem\"><span aria-hidden=\"true\" class=\"wp-block-cover__background has-background-dim has-background-gradient\" style=\"background:linear-gradient(180deg,rgba(255,255,255,0) 0%,rgb(0,0,0) 100%)\"><\/span><img decoding=\"async\" width=\"1920\" height=\"800\" src=\"https:\/\/www.camping-bretagne-delapiscine.com\/wp-content\/uploads\/2025\/12\/visiter-la-bretagne-camping-la-piscine.jpg\" class=\"wp-block-cover__image-background wp-post-image\" alt=\"die bretagne besuchen camping la piscine\" data-object-fit=\"cover\" \/><div class=\"wp-block-cover__inner-container has-global-padding is-layout-constrained wp-container-core-cover-is-layout-3968af2f wp-block-cover-is-layout-constrained\">\n<p style=\"font-size:clamp(1.624rem, 1.624rem + ((1vw - 0.2rem) * 1.877), 2.75rem);font-style:normal;font-weight:900;line-height:1.3;text-transform:uppercase\">Zu besuchen<\/p>\n<\/div><\/div>\n<\/a>\n\n<a class=\"is-style-lien-cover wp-block-read-more\" href=\"https:\/\/www.camping-bretagne-delapiscine.com\/de\/tourismus-finistere-sud\/\" target=\"_self\">Weiterlesen<span class=\"screen-reader-text\">: Zu besuchen<\/span><\/a>\n<\/li><li data-wp-key=\"post-template-item-2142\" class=\"wp-block-post post-2142 page type-page status-publish has-post-thumbnail hentry\">\n<a href=\"https:\/\/www.camping-bretagne-delapiscine.com\/de\/aktivitaeten-fouesnant\/\"    class=\"wp-block-tiptip-hyperlink-group-block\" >\n<div class=\"wp-block-cover\" style=\"border-radius:25px;padding-top:4rem;padding-right:4rem;padding-bottom:4rem;padding-left:4rem\"><span aria-hidden=\"true\" class=\"wp-block-cover__background has-background-dim has-background-gradient\" style=\"background:linear-gradient(180deg,rgba(255,255,255,0) 0%,rgb(0,0,0) 100%)\"><\/span><img decoding=\"async\" width=\"1920\" height=\"800\" src=\"https:\/\/www.camping-bretagne-delapiscine.com\/wp-content\/uploads\/2025\/12\/activite-a-fouesnant-bretagne.jpg\" class=\"wp-block-cover__image-background wp-post-image\" alt=\"Aktivit\u00e4t in Fouesnant Bretagne\" data-object-fit=\"cover\" \/><div class=\"wp-block-cover__inner-container has-global-padding is-layout-constrained wp-container-core-cover-is-layout-3968af2f wp-block-cover-is-layout-constrained\">\n<p style=\"font-size:clamp(1.624rem, 1.624rem + ((1vw - 0.2rem) * 1.877), 2.75rem);font-style:normal;font-weight:900;line-height:1.3;text-transform:uppercase\">Aktivit\u00e4ten und Freizeit<\/p>\n<\/div><\/div>\n<\/a>\n\n<a class=\"is-style-lien-cover wp-block-read-more\" href=\"https:\/\/www.camping-bretagne-delapiscine.com\/de\/aktivitaeten-fouesnant\/\" target=\"_self\">Weiterlesen<span class=\"screen-reader-text\">: Aktivit\u00e4ten und Freizeit<\/span><\/a>\n<\/li><li data-wp-key=\"post-template-item-2246\" class=\"wp-block-post post-2246 page type-page status-publish has-post-thumbnail hentry\">\n<a href=\"https:\/\/www.camping-bretagne-delapiscine.com\/de\/campingplatz-wasserpark-fouesnant\/\"    class=\"wp-block-tiptip-hyperlink-group-block\" >\n<div class=\"wp-block-cover\" style=\"border-radius:25px;padding-top:4rem;padding-right:4rem;padding-bottom:4rem;padding-left:4rem\"><span aria-hidden=\"true\" class=\"wp-block-cover__background has-background-dim has-background-gradient\" style=\"background:linear-gradient(180deg,rgba(255,255,255,0) 0%,rgb(0,0,0) 100%)\"><\/span><img decoding=\"async\" width=\"1920\" height=\"800\" src=\"https:\/\/www.camping-bretagne-delapiscine.com\/wp-content\/uploads\/2025\/12\/camping-avec-espace-aquatique-bretagne.jpg\" class=\"wp-block-cover__image-background wp-post-image\" alt=\"campingplatz mit wasserpark bretagne\" data-object-fit=\"cover\" \/><div class=\"wp-block-cover__inner-container has-global-padding is-layout-constrained wp-container-core-cover-is-layout-3968af2f wp-block-cover-is-layout-constrained\">\n<p style=\"font-size:clamp(1.624rem, 1.624rem + ((1vw - 0.2rem) * 1.877), 2.75rem);font-style:normal;font-weight:900;line-height:1.3;text-transform:uppercase\">Wasserpark<\/p>\n<\/div><\/div>\n<\/a>\n\n<a class=\"is-style-lien-cover wp-block-read-more\" href=\"https:\/\/www.camping-bretagne-delapiscine.com\/de\/campingplatz-wasserpark-fouesnant\/\" target=\"_self\">Weiterlesen<span class=\"screen-reader-text\">: Wasserpark<\/span><\/a>\n<\/li><\/ul><\/div>\n<\/div>\n","protected":false},"excerpt":{"rendered":"<p>Campingplatzin der N\u00e4hevon B\u00e9nodet B\u00e9nodet zu Fu\u00df oder mit dem Fahrrad vom Campingplatz aus entdecken B\u00e9nodet besticht durch sein schickes und entspanntes Ambiente. Unser Campingplatz in Fouesnant liegt etwa 8 km entfernt und ist ideal gelegen, um Entspannung, Aktivit\u00e4ten und Freizeit im s\u00fcdlichen Finist\u00e8re mit der Entdeckung eines charmanten Badeortes zu verbinden. B\u00e9nodet, ein mit [&hellip;]<\/p>\n","protected":false},"author":1,"featured_media":2726,"parent":0,"menu_order":0,"comment_status":"closed","ping_status":"closed","template":"","meta":{"_acf_changed":false,"_seopress_robots_primary_cat":"","_seopress_titles_title":"Campingplatz in der N\u00e4he von B\u00e9nodet","_seopress_titles_desc":"Erkunden Sie B\u00e9nodet mit dem Fahrrad von unserem Campingplatz in der N\u00e4he von B\u00e9nodet aus. Genie\u00dfen Sie den Charme eines 5-Sterne-Resorts und die Wunder des s\u00fcdlichen Finist\u00e8re. ","_seopress_robots_index":"","_gt_ctv_global_id":"1907","_gt_ctv_id_group":false,"inline_featured_image":false,"gt_fse_maillage_image":"https:\/\/www.camping-bretagne-delapiscine.com\/wp-content\/uploads\/2025\/12\/Camping-proche-de-Benodet.webp","gt_fse_maillage_titre":"B\u00e9nodet","gt_fse_maillage_alt":"Campingplatz in der N\u00e4he von B\u00e9nodet","gt_fse_maillage_resume":"","footnotes":""},"categories":[],"tags":[],"class_list":["post-2182","page","type-page","status-publish","has-post-thumbnail","hentry"],"acf":[],"_links":{"self":[{"href":"https:\/\/www.camping-bretagne-delapiscine.com\/de\/wp-json\/wp\/v2\/pages\/2182","targetHints":{"allow":["GET"]}}],"collection":[{"href":"https:\/\/www.camping-bretagne-delapiscine.com\/de\/wp-json\/wp\/v2\/pages"}],"about":[{"href":"https:\/\/www.camping-bretagne-delapiscine.com\/de\/wp-json\/wp\/v2\/types\/page"}],"author":[{"embeddable":true,"href":"https:\/\/www.camping-bretagne-delapiscine.com\/de\/wp-json\/wp\/v2\/users\/1"}],"replies":[{"embeddable":true,"href":"https:\/\/www.camping-bretagne-delapiscine.com\/de\/wp-json\/wp\/v2\/comments?post=2182"}],"version-history":[{"count":12,"href":"https:\/\/www.camping-bretagne-delapiscine.com\/de\/wp-json\/wp\/v2\/pages\/2182\/revisions"}],"predecessor-version":[{"id":3480,"href":"https:\/\/www.camping-bretagne-delapiscine.com\/de\/wp-json\/wp\/v2\/pages\/2182\/revisions\/3480"}],"wp:featuredmedia":[{"embeddable":true,"href":"https:\/\/www.camping-bretagne-delapiscine.com\/de\/wp-json\/wp\/v2\/media\/2726"}],"wp:attachment":[{"href":"https:\/\/www.camping-bretagne-delapiscine.com\/de\/wp-json\/wp\/v2\/media?parent=2182"}],"wp:term":[{"taxonomy":"category","embeddable":true,"href":"https:\/\/www.camping-bretagne-delapiscine.com\/de\/wp-json\/wp\/v2\/categories?post=2182"},{"taxonomy":"post_tag","embeddable":true,"href":"https:\/\/www.camping-bretagne-delapiscine.com\/de\/wp-json\/wp\/v2\/tags?post=2182"}],"curies":[{"name":"wp","href":"https:\/\/api.w.org\/{rel}","templated":true}]}}