{"id":2175,"date":"2025-10-14T11:56:45","date_gmt":"2025-10-14T09:56:45","guid":{"rendered":"https:\/\/www.camping-bretagne-delapiscine.com\/camping-pas-cher-fouesnant\/"},"modified":"2026-02-05T11:43:49","modified_gmt":"2026-02-05T10:43:49","slug":"guenstiger-campingplatz-fouesnant","status":"publish","type":"page","link":"https:\/\/www.camping-bretagne-delapiscine.com\/de\/guenstiger-campingplatz-fouesnant\/","title":{"rendered":"Preise"},"content":{"rendered":"\n<div class=\"wp-block-group section-title has-global-padding is-layout-constrained wp-container-core-group-is-layout-b790c2fa wp-block-group-is-layout-constrained\" style=\"padding-top:4rem;padding-right:4rem;padding-left:4rem\">\n<h1 class=\"wp-block-heading has-text-align-center has-custom-color-1-color has-text-color has-link-color has-melbourne-thin-font-family wp-elements-4eabc74033f3cc2ffab61ae57f34a520\" style=\"margin-bottom:3rem;font-size:clamp(2.835rem, 2.835rem + ((1vw - 0.2rem) * 4.442), 5.5rem);letter-spacing:-3px;line-height:0.9\"><strong>G\u00fcnstiger<\/strong> campingplatz <br\/>in Fouesnant<\/h1>\n\n\n\n<p class=\"has-text-align-center\">Sie suchen einen <a href=\"https:\/\/www.camping-bretagne-delapiscine.com\/\" data-type=\"page\" data-id=\"9\">Campingplatz in Fouesnant<\/a>, der <strong>Komfort<\/strong>, <strong>hochwertige Dienstleistungen<\/strong> und <strong>niedrige Preise<\/strong> vereint? Willkommen auf dem Campingplatz La Piscine, Ihrem g\u00fcnstigen Campingplatz im s\u00fcdlichen Finist\u00e8re! Hier haben wir es uns zur Aufgabe gemacht, Ihnen einen <strong>Aufenthalt f\u00fcr jedes Budget<\/strong> anzubieten, ohne dabei Abstriche bei der Qualit\u00e4t zu machen. Ob Sie mit der Familie, mit Freunden oder zu zweit kommen, Sie werden ein Angebot finden, das Ihren W\u00fcnschen entspricht&#8230; und Ihrem Geldbeutel!   <\/p>\n<\/div>\n\n<div class=\"wp-block-group herbegement-list has-global-padding is-layout-constrained wp-container-core-group-is-layout-bab5b067 wp-block-group-is-layout-constrained\" style=\"padding-top:4rem;padding-right:4rem;padding-bottom:4rem;padding-left:4rem\">\n<div class=\"wp-block-group group-filtres has-global-padding is-layout-constrained wp-container-core-group-is-layout-fe0122ba wp-block-group-is-layout-constrained\" style=\"padding-right:6rem;padding-left:6rem\"><div class=\"wp-block-gt-gt-fse-widgets-ctv\" data-wp-interactive=\"gt\/ctv\/widgets\">\n\n                        <ctv-availability ><\/ctv-availability>\n        \n    <\/div>\n<\/div>\n<\/div>\n\n<div class=\"wp-block-group section-1 has-global-padding is-layout-constrained wp-container-core-group-is-layout-c5903013 wp-block-group-is-layout-constrained\" style=\"padding-right:0px;padding-left:0px\">\n<div class=\"wp-block-columns content is-layout-flex wp-container-core-columns-is-layout-28f84493 wp-block-columns-is-layout-flex\">\n<div class=\"wp-block-column left is-layout-flow wp-block-column-is-layout-flow\" style=\"padding-top:10rem;padding-left:6rem\">\n<h2 class=\"wp-block-heading has-custom-color-2-color has-text-color has-link-color wp-elements-2c29042195cc1aee4881efda1c0ff460\" style=\"font-size:clamp(1.378rem, 1.378rem + ((1vw - 0.2rem) * 1.453), 2.25rem);font-style:normal;font-weight:700\">Unterkunft zum besten Preis in S\u00fcd-Finist\u00e8re<\/h2>\n\n\n\n<p>Schauen Sie sich jetzt unsere Preise und Verf\u00fcgbarkeiten online an, um Ihren Aufenthalt in Ruhe zu planen.<\/p>\n\n\n\n<p>Unser g\u00fcnstiger Campingplatz in Fouesnant bietet Ihnen <strong>komfortable<\/strong> und gut<strong>ausgestattete<\/strong> <a href=\"https:\/\/www.camping-bretagne-delapiscine.com\/de\/verhuur-mobilheime-fouesnant\/\" data-type=\"page\" data-id=\"20\">Mobilheime im S\u00fcd-Finist\u00e8re<\/a> sowie <a href=\"https:\/\/www.camping-bretagne-delapiscine.com\/de\/vermietung-stellplatz-fouesnant\/\" data-type=\"page\" data-id=\"18\">ger\u00e4umige Stellpl\u00e4tze in Fouesnant<\/a> f\u00fcr Zelte, Wohnwagen, Vans oder Wohnmobile.<\/p>\n\n\n\n<p>G\u00f6nnen Sie sich einen Urlaub zum kleinen Preis und genie\u00dfen Sie das Beste, was die s\u00fcdliche Bretagne zu bieten hat.<\/p>\n<\/div>\n\n\n\n<div class=\"wp-block-column right has-base-2-background-color has-background is-layout-flow wp-block-column-is-layout-flow\" style=\"border-top-left-radius:25px;border-top-right-radius:0px;border-bottom-left-radius:0px;border-bottom-right-radius:0px;padding-top:2rem;padding-right:2rem;padding-bottom:2rem;padding-left:2rem\">\n<figure class=\"wp-block-image size-full has-custom-border\"><img decoding=\"async\" width=\"1015\" height=\"1126\" src=\"https:\/\/www.camping-bretagne-delapiscine.com\/wp-content\/uploads\/2025\/12\/camping-tarifs-avantageux-finistere.jpg\" alt=\"campingplatz g&#xFC;nstige preise finistere\" class=\"wp-image-1141\" style=\"border-radius:25px;object-fit:cover\"\/><\/figure>\n<\/div>\n<\/div>\n<\/div>\n\n<div class=\"wp-block-group section-2 has-custom-color-1-background-color has-background has-global-padding is-layout-constrained wp-container-core-group-is-layout-f1c8c357 wp-block-group-is-layout-constrained\" style=\"margin-top:10rem;padding-right:20rem;padding-bottom:8rem;padding-left:20rem\">\n<div class=\"wp-block-group content has-global-padding is-layout-constrained wp-container-core-group-is-layout-12243e0f wp-block-group-is-layout-constrained\">\n<div class=\"wp-block-group images has-global-padding is-layout-constrained wp-container-core-group-is-layout-12243e0f wp-block-group-is-layout-constrained\">\n<p class=\"slogan has-base-2-color has-text-color has-link-color has-square-peg-font-family wp-elements-d281f9a889e4e751276b3a3abdb1d2b7\" style=\"font-size:clamp(2.366rem, 2.366rem + ((1vw - 0.2rem) * 3.357), 4.38rem);letter-spacing:-1px;line-height:0.9\">Genie\u00dfen Sie Ihren Urlaub<br\/>zum besten Preis!<\/p>\n\n\n\n<figure class=\"wp-block-image size-full has-custom-border image-1\"><img decoding=\"async\" width=\"1256\" height=\"1174\" src=\"https:\/\/www.camping-bretagne-delapiscine.com\/wp-content\/uploads\/2025\/12\/camping-pas-cher-avec-piscine-bretagne.jpg\" alt=\"g&#xFC;nstiger campingplatz mit schwimmbad bretagne\" class=\"wp-image-1144\" style=\"border-radius:25px\"\/><\/figure>\n\n\n\n<div class=\"wp-block-group image-2 has-custom-color-1-background-color has-background has-global-padding is-layout-constrained wp-container-core-group-is-layout-e602302d wp-block-group-is-layout-constrained\" style=\"border-radius:25px;padding-top:2rem;padding-right:2rem;padding-bottom:2rem;padding-left:2rem\">\n<figure class=\"wp-block-image size-full has-custom-border\"><img decoding=\"async\" width=\"450\" height=\"466\" src=\"https:\/\/www.camping-bretagne-delapiscine.com\/wp-content\/uploads\/2025\/12\/camping-pas-cher-avec-piscine-finistere.jpg\" alt=\"g&#xFC;nstiger campingplatz mit schwimmbad finistere\" class=\"wp-image-1161\" style=\"border-radius:25px\"\/><\/figure>\n<\/div>\n\n\n\n<figure class=\"wp-block-image size-full has-custom-border image-3\"><img decoding=\"async\" width=\"398\" height=\"100\" src=\"https:\/\/www.camping-bretagne-delapiscine.com\/wp-content\/uploads\/2025\/10\/double-vague-blanc.svg\" alt=\"Doppelwelle wei&#xDF;\" class=\"wp-image-257\" style=\"border-radius:25px\"\/><\/figure>\n\n\n\n<figure class=\"wp-block-image size-full has-custom-border image-4\"><img decoding=\"async\" width=\"381\" height=\"206\" src=\"https:\/\/www.camping-bretagne-delapiscine.com\/wp-content\/uploads\/2025\/10\/tampon-lettre-blanc.svg\" alt=\"Briefstempel wei&#xDF;\" class=\"wp-image-261\" style=\"border-radius:25px\"\/><\/figure>\n<\/div>\n\n\n\n<h2 class=\"wp-block-heading has-base-2-color has-text-color has-link-color has-melbourne-thin-font-family wp-elements-284fd9987dc0a75dccfb54408b1a46e4\" style=\"margin-top:3rem;margin-right:0;margin-bottom:3rem;font-size:clamp(2.418rem, 2.418rem + ((1vw - 0.2rem) * 3.47), 4.5rem);line-height:0.9\"><strong>Camping mit Sonderangeboten f\u00fcr einen g\u00fcnstigen Aufenthalt in Fouesnant<\/strong><\/h2>\n\n\n\n<p class=\"text has-base-2-color has-text-color has-link-color wp-elements-539717b6105e5bb98acdad68f1a07ec6\">Profitieren Sie regelm\u00e4\u00dfig von <strong>Sonderangeboten und Promotionen<\/strong><em> <\/em>auf unsere Unterk\u00fcnfte und Stellpl\u00e4tze. Zum Beispiel: eine Woche auf einem Stellplatz = 1 Nacht gratis in der Nebensaison! Auch f\u00fcr Mobilheime werden in bestimmten Zeitr\u00e4umen Rabatte angeboten. Was ist unser Ziel? Ihnen einen <strong>qualitativ hochwertigen Urlaub zum besten Preis-Leistungs-Verh\u00e4ltnis zu<\/strong> bieten. Ob Sie nun ein Anh\u00e4nger des traditionellen Campings sind oder den Komfort einer komplett ausgestatteten Unterkunft bevorzugen, unser g\u00fcnstiger Campingplatz im s\u00fcdlichen Finist\u00e8re erf\u00fcllt Ihre Erwartungen, ohne b\u00f6se \u00dcberraschungen in Bezug auf das Budget.    <\/p>\n<\/div>\n\n\n\n<figure class=\"wp-block-image size-large leaf\"><img decoding=\"async\" width=\"548\" height=\"564\" src=\"https:\/\/www.camping-bretagne-delapiscine.com\/wp-content\/uploads\/2025\/10\/grande-feuille-blanc.svg\" alt=\"gro&#xDF;es wei&#xDF;es Blatt\" class=\"wp-image-244\"\/><\/figure>\n<\/div>\n\n<div class=\"wp-block-group section-3 has-global-padding is-layout-constrained wp-container-core-group-is-layout-8fefdfe2 wp-block-group-is-layout-constrained\" style=\"margin-top:0px;margin-bottom:0px;padding-top:0px;padding-right:0px;padding-bottom:0px;padding-left:0px\">\n<div class=\"wp-block-cover gt-multiple-images-cover has-slider\" style=\"padding-top:0;padding-right:0rem;padding-bottom:0;padding-left:0rem;min-height:100vh;aspect-ratio:unset;\" data-image-ids=\"[1722,1718,1715]\"><div class=\"gt-is-slider swiper-container\" data-swiper=\"{&quot;spaceBetween&quot;:0,&quot;slidesPerView&quot;:1,&quot;pagination&quot;:{&quot;el&quot;:&quot;.swiper-pagination&quot;,&quot;dynamicBullets&quot;:true,&quot;clickable&quot;:true,&quot;type&quot;:&quot;bullets&quot;},&quot;navigation&quot;:{&quot;nextEl&quot;:&quot;.swiper-button-next&quot;,&quot;prevEl&quot;:&quot;.swiper-button-prev&quot;},&quot;breakpoints&quot;:[{&quot;slidesPerView&quot;:1}],&quot;effect&quot;:&quot;fade&quot;}\"><div class=\"swiper-wrapper\"><div class=\"swiper-slide\"><img decoding=\"async\" src=\"https:\/\/www.camping-bretagne-delapiscine.com\/wp-content\/uploads\/2025\/12\/camping-pas-cher.jpg\" alt=\"camping pas cher\" class=\"gt-cover-image\" \/><\/div><div class=\"swiper-slide\"><img decoding=\"async\" src=\"https:\/\/www.camping-bretagne-delapiscine.com\/wp-content\/uploads\/2025\/12\/camping-pas-cher-finistere.jpg\" alt=\"camping pas cher finistere\" class=\"gt-cover-image\" \/><\/div><div class=\"swiper-slide\"><img decoding=\"async\" src=\"https:\/\/www.camping-bretagne-delapiscine.com\/wp-content\/uploads\/2025\/12\/camping-pas-cher-bretagne-1.jpg\" alt=\"camping pas cher bretagne\" class=\"gt-cover-image\" \/><\/div><\/div><\/div><span aria-hidden=\"true\" class=\"wp-block-cover__background has-background-dim-70 has-background-dim has-background-gradient\" style=\"background:linear-gradient(90deg,rgba(255,255,255,0) 0%,rgb(0,0,0) 100%)\"><\/span><div class=\"wp-block-cover__inner-container has-global-padding is-layout-constrained wp-container-core-cover-is-layout-332d036f wp-block-cover-is-layout-constrained\">\n<div class=\"wp-block-columns is-layout-flex wp-container-core-columns-is-layout-65a7aca3 wp-block-columns-is-layout-flex\">\n<div class=\"wp-block-column is-vertically-aligned-bottom left is-layout-flow wp-block-column-is-layout-flow\" style=\"flex-basis:50%\">\n<div class=\"wp-block-group group-bullets is-nowrap is-layout-flex wp-container-core-group-is-layout-1d42571d wp-block-group-is-layout-flex\">\n<div class=\"wp-block-group bullet active has-base-2-background-color has-background has-global-padding is-layout-constrained wp-container-core-group-is-layout-7bca0983 wp-block-group-is-layout-constrained\" style=\"border-radius:25px;padding-top:1rem;padding-right:var(--wp--preset--spacing--10);padding-bottom:1rem;padding-left:var(--wp--preset--spacing--10)\">\n<figure class=\"wp-block-image size-full has-custom-border\"><img decoding=\"async\" width=\"1920\" height=\"700\" src=\"https:\/\/www.camping-bretagne-delapiscine.com\/wp-content\/uploads\/2025\/12\/camping-pas-cher.jpg\" alt=\"G&#xFC;nstiger Campingplatz\" class=\"wp-image-1722\" style=\"border-radius:25px\"\/><\/figure>\n<\/div>\n\n\n\n<div class=\"wp-block-group bullet has-base-2-background-color has-background has-global-padding is-layout-constrained wp-container-core-group-is-layout-7bca0983 wp-block-group-is-layout-constrained\" style=\"border-radius:25px;padding-top:1rem;padding-right:var(--wp--preset--spacing--10);padding-bottom:1rem;padding-left:var(--wp--preset--spacing--10)\">\n<figure class=\"wp-block-image size-full has-custom-border\"><img decoding=\"async\" width=\"461\" height=\"420\" src=\"https:\/\/www.camping-bretagne-delapiscine.com\/wp-content\/uploads\/2025\/12\/camping-finister-au-meilleur-prix.jpg\" alt=\"Camping Finister zum besten Preis\" class=\"wp-image-1153\" style=\"border-radius:25px\"\/><\/figure>\n<\/div>\n\n\n\n<div class=\"wp-block-group bullet has-base-2-background-color has-background has-global-padding is-layout-constrained wp-container-core-group-is-layout-e242f2a7 wp-block-group-is-layout-constrained\" style=\"border-radius:25px;padding-top:var(--wp--preset--spacing--10);padding-right:1rem;padding-bottom:var(--wp--preset--spacing--10);padding-left:1rem\">\n<figure class=\"wp-block-image size-full has-custom-border\"><img decoding=\"async\" width=\"461\" height=\"420\" src=\"https:\/\/www.camping-bretagne-delapiscine.com\/wp-content\/uploads\/2025\/12\/camping-pas-cher-avec-acivites-en-bretagne.jpg\" alt=\"g&#xFC;nstiger campingplatz mit aktivit&#xE4;ten in der bretagne\" class=\"wp-image-1156\" style=\"border-radius:25px\"\/><\/figure>\n<\/div>\n<\/div>\n<\/div>\n\n\n\n<div class=\"wp-block-column right is-layout-flow wp-block-column-is-layout-flow\" style=\"padding-top:6rem;padding-right:12rem;padding-bottom:6rem;flex-basis:50%\">\n<h2 class=\"wp-block-heading has-text-align-left has-base-2-color has-text-color has-link-color has-melbourne-thin-font-family wp-elements-2d1d378642fbbb021c2769e575ccf5a5\" style=\"margin-top:3rem;margin-right:0;margin-bottom:3rem;font-size:clamp(2.418rem, 2.418rem + ((1vw - 0.2rem) * 3.47), 4.5rem);line-height:0.9\"><strong>Buchen Sie direkt oder zahlen Sie in Raten!<\/strong><\/h2>\n\n\n\n<p class=\"has-base-2-color has-text-color has-link-color wp-elements-173a6d92e934f2dd3556c3e3f22b1367\">F\u00fcr noch mehr Gelassenheit k\u00f6nnen Sie <strong>Ihren Aufenthalt<\/strong> \u00fcber unseren Partner Floa Bank <strong>in Raten bezahlen<\/strong>. Eine einfache L\u00f6sung, um Ihre Zahlungen zu strecken und mit einem guten Gef\u00fchl abzureisen! <\/p>\n\n\n\n<p>Mit unserem Partner Floa Bank k\u00f6nnen Sie <strong>Ihren Aufenthalt in Raten bezahlen<\/strong>.<\/p>\n\n\n\n<p class=\"has-base-2-color has-text-color has-link-color wp-elements-a194a8445c963cf4164babe323b055ae\">&#8222;Vorbehaltlich der Annahme durch FLOA. Sie haben ein gesetzliches Widerrufsrecht.&#8220; Wenn Sie direkt \u00fcber unsere Website buchen, erhalten Sie <strong><a href=\"https:\/\/www.floabank.fr\/conditions-generales-paiement-plusieurs-fois\">den<\/a> garantiert besten Preis<\/strong> ohne zus\u00e4tzliche Kosten.<\/p>\n<\/div>\n<\/div>\n<\/div><\/div>\n<\/div>\n\n<div class=\"wp-block-group section-maillage has-global-padding is-layout-constrained wp-container-core-group-is-layout-53e62878 wp-block-group-is-layout-constrained\" style=\"margin-top:0px;margin-bottom:8rem;padding-top:0px;padding-bottom:0px\">\n<p class=\"has-text-align-center has-custom-color-1-color has-text-color has-link-color has-melbourne-thin-font-family gt-no-padding-mobile wp-elements-ee2ada773f48a1d1027390f1f672fb13\" style=\"margin-top:4rem;margin-bottom:4rem;padding-top:6rem;padding-right:4rem;padding-bottom:4rem;padding-left:4rem;font-size:clamp(2.418rem, 2.418rem + ((1vw - 0.2rem) * 3.47), 4.5rem);line-height:1;text-transform:none\"><strong><strong>Entdecken Sie unsere Mietunterk\u00fcnfte, unsere Stellpl\u00e4tze<\/strong><br\/><strong>und den Wasserpark<\/strong><\/strong><\/p>\n\n\n\n<div data-wp-context=\"{}\" data-wp-interactive=\"core\/query\" data-wp-key=\"0\" data-wp-router-region=\"query-0\" class=\"wp-block-query alignwide gt-fse-maillage-query is-layout-flow wp-block-query-is-layout-flow\"><ul class=\"columns-3 wp-block-post-template is-layout-grid wp-container-core-post-template-is-layout-42cbe8f0 wp-block-post-template-is-layout-grid\"><li data-wp-key=\"post-template-item-2259\" class=\"wp-block-post post-2259 page type-page status-publish has-post-thumbnail hentry\">\n<a href=\"https:\/\/www.camping-bretagne-delapiscine.com\/de\/verhuur-mobilheime-fouesnant\/\"    class=\"wp-block-tiptip-hyperlink-group-block\" >\n<div class=\"wp-block-cover\" style=\"border-radius:25px;padding-top:4rem;padding-right:4rem;padding-bottom:4rem;padding-left:4rem\"><span aria-hidden=\"true\" class=\"wp-block-cover__background has-background-dim has-background-gradient\" style=\"background:linear-gradient(180deg,rgba(255,255,255,0) 0%,rgb(0,0,0) 100%)\"><\/span><img decoding=\"async\" width=\"1920\" height=\"800\" src=\"https:\/\/www.camping-bretagne-delapiscine.com\/wp-content\/uploads\/2025\/12\/location-mobil-home-bretagne.jpg\" class=\"wp-block-cover__image-background wp-post-image\" alt=\"Vermietung von Mobilheimen in der Bretagne\" data-object-fit=\"cover\" \/><div class=\"wp-block-cover__inner-container has-global-padding is-layout-constrained wp-container-core-cover-is-layout-3968af2f wp-block-cover-is-layout-constrained\">\n<p style=\"font-size:clamp(1.624rem, 1.624rem + ((1vw - 0.2rem) * 1.877), 2.75rem);font-style:normal;font-weight:900;line-height:1.3;text-transform:uppercase\">Mietwohnungen<\/p>\n<\/div><\/div>\n<\/a>\n\n<a class=\"is-style-lien-cover wp-block-read-more\" href=\"https:\/\/www.camping-bretagne-delapiscine.com\/de\/verhuur-mobilheime-fouesnant\/\" target=\"_self\">Weiterlesen<span class=\"screen-reader-text\">: Unsere Unterk\u00fcnfte<\/span><\/a>\n<\/li><li data-wp-key=\"post-template-item-2250\" class=\"wp-block-post post-2250 page type-page status-publish has-post-thumbnail hentry\">\n<a href=\"https:\/\/www.camping-bretagne-delapiscine.com\/de\/vermietung-stellplatz-fouesnant\/\"    class=\"wp-block-tiptip-hyperlink-group-block\" >\n<div class=\"wp-block-cover\" style=\"border-radius:25px;padding-top:4rem;padding-right:4rem;padding-bottom:4rem;padding-left:4rem\"><span aria-hidden=\"true\" class=\"wp-block-cover__background has-background-dim has-background-gradient\" style=\"background:linear-gradient(180deg,rgba(255,255,255,0) 0%,rgb(0,0,0) 100%)\"><\/span><img decoding=\"async\" width=\"1920\" height=\"800\" src=\"https:\/\/www.camping-bretagne-delapiscine.com\/wp-content\/uploads\/2025\/12\/emplacement-bretagne.jpg\" class=\"wp-block-cover__image-background wp-post-image\" alt=\"Standort Bretagne\" data-object-fit=\"cover\" \/><div class=\"wp-block-cover__inner-container has-global-padding is-layout-constrained wp-container-core-cover-is-layout-3968af2f wp-block-cover-is-layout-constrained\">\n<p style=\"font-size:clamp(1.624rem, 1.624rem + ((1vw - 0.2rem) * 1.877), 2.75rem);font-style:normal;font-weight:900;line-height:1.3;text-transform:uppercase\">Pl\u00e4tze<\/p>\n<\/div><\/div>\n<\/a>\n\n<a class=\"is-style-lien-cover wp-block-read-more\" href=\"https:\/\/www.camping-bretagne-delapiscine.com\/de\/vermietung-stellplatz-fouesnant\/\" target=\"_self\">Weiterlesen<span class=\"screen-reader-text\">: Unsere Standorte<\/span><\/a>\n<\/li><li data-wp-key=\"post-template-item-2246\" class=\"wp-block-post post-2246 page type-page status-publish has-post-thumbnail hentry\">\n<a href=\"https:\/\/www.camping-bretagne-delapiscine.com\/de\/campingplatz-wasserpark-fouesnant\/\"    class=\"wp-block-tiptip-hyperlink-group-block\" >\n<div class=\"wp-block-cover\" style=\"border-radius:25px;padding-top:4rem;padding-right:4rem;padding-bottom:4rem;padding-left:4rem\"><span aria-hidden=\"true\" class=\"wp-block-cover__background has-background-dim has-background-gradient\" style=\"background:linear-gradient(180deg,rgba(255,255,255,0) 0%,rgb(0,0,0) 100%)\"><\/span><img decoding=\"async\" width=\"1920\" height=\"800\" src=\"https:\/\/www.camping-bretagne-delapiscine.com\/wp-content\/uploads\/2025\/12\/camping-avec-espace-aquatique-bretagne.jpg\" class=\"wp-block-cover__image-background wp-post-image\" alt=\"campingplatz mit wasserpark bretagne\" data-object-fit=\"cover\" \/><div class=\"wp-block-cover__inner-container has-global-padding is-layout-constrained wp-container-core-cover-is-layout-3968af2f wp-block-cover-is-layout-constrained\">\n<p style=\"font-size:clamp(1.624rem, 1.624rem + ((1vw - 0.2rem) * 1.877), 2.75rem);font-style:normal;font-weight:900;line-height:1.3;text-transform:uppercase\">Wasserpark<\/p>\n<\/div><\/div>\n<\/a>\n\n<a class=\"is-style-lien-cover wp-block-read-more\" href=\"https:\/\/www.camping-bretagne-delapiscine.com\/de\/campingplatz-wasserpark-fouesnant\/\" target=\"_self\">Weiterlesen<span class=\"screen-reader-text\">: Wasserpark<\/span><\/a>\n<\/li><\/ul><\/div>\n<\/div>\n","protected":false},"excerpt":{"rendered":"<p>G\u00fcnstiger campingplatz in Fouesnant Sie suchen einen Campingplatz in Fouesnant, der Komfort, hochwertige Dienstleistungen und niedrige Preise vereint? Willkommen auf dem Campingplatz La Piscine, Ihrem g\u00fcnstigen Campingplatz im s\u00fcdlichen Finist\u00e8re! Hier haben wir es uns zur Aufgabe gemacht, Ihnen einen Aufenthalt f\u00fcr jedes Budget anzubieten, ohne dabei Abstriche bei der Qualit\u00e4t zu machen. Ob Sie [&hellip;]<\/p>\n","protected":false},"author":1,"featured_media":1139,"parent":0,"menu_order":0,"comment_status":"closed","ping_status":"closed","template":"","meta":{"_acf_changed":false,"_seopress_robots_primary_cat":"","_seopress_titles_title":"G\u00fcnstiger Campingplatz in Fouesnant im S\u00fcd-Finist\u00e8re","_seopress_titles_desc":"Entdecken Sie unseren g\u00fcnstigen Campingplatz in Fouesnant, Komfort, Qualit\u00e4t und kleine Preise sind garantiert. Buchen Sie jetzt Ihren Aufenthalt im s\u00fcdlichen Finist\u00e8re! ","_seopress_robots_index":"","_gt_ctv_global_id":"1907","_gt_ctv_id_group":false,"inline_featured_image":false,"gt_fse_maillage_image":"https:\/\/www.camping-bretagne-delapiscine.com\/wp-content\/uploads\/2025\/12\/camping-pas-cher-bretagne.jpg","gt_fse_maillage_titre":"Preise","gt_fse_maillage_alt":"G\u00fcnstige Campingpl\u00e4tze Vermietung von Mobilheimen  ","gt_fse_maillage_resume":"","footnotes":""},"categories":[],"tags":[],"class_list":["post-2175","page","type-page","status-publish","has-post-thumbnail","hentry"],"acf":[],"_links":{"self":[{"href":"https:\/\/www.camping-bretagne-delapiscine.com\/de\/wp-json\/wp\/v2\/pages\/2175","targetHints":{"allow":["GET"]}}],"collection":[{"href":"https:\/\/www.camping-bretagne-delapiscine.com\/de\/wp-json\/wp\/v2\/pages"}],"about":[{"href":"https:\/\/www.camping-bretagne-delapiscine.com\/de\/wp-json\/wp\/v2\/types\/page"}],"author":[{"embeddable":true,"href":"https:\/\/www.camping-bretagne-delapiscine.com\/de\/wp-json\/wp\/v2\/users\/1"}],"replies":[{"embeddable":true,"href":"https:\/\/www.camping-bretagne-delapiscine.com\/de\/wp-json\/wp\/v2\/comments?post=2175"}],"version-history":[{"count":10,"href":"https:\/\/www.camping-bretagne-delapiscine.com\/de\/wp-json\/wp\/v2\/pages\/2175\/revisions"}],"predecessor-version":[{"id":3477,"href":"https:\/\/www.camping-bretagne-delapiscine.com\/de\/wp-json\/wp\/v2\/pages\/2175\/revisions\/3477"}],"wp:featuredmedia":[{"embeddable":true,"href":"https:\/\/www.camping-bretagne-delapiscine.com\/de\/wp-json\/wp\/v2\/media\/1139"}],"wp:attachment":[{"href":"https:\/\/www.camping-bretagne-delapiscine.com\/de\/wp-json\/wp\/v2\/media?parent=2175"}],"wp:term":[{"taxonomy":"category","embeddable":true,"href":"https:\/\/www.camping-bretagne-delapiscine.com\/de\/wp-json\/wp\/v2\/categories?post=2175"},{"taxonomy":"post_tag","embeddable":true,"href":"https:\/\/www.camping-bretagne-delapiscine.com\/de\/wp-json\/wp\/v2\/tags?post=2175"}],"curies":[{"name":"wp","href":"https:\/\/api.w.org\/{rel}","templated":true}]}}